{"id":1445,"date":"2020-03-17T12:27:48","date_gmt":"2020-03-17T15:27:48","guid":{"rendered":"https:\/\/esm-nqn.infd.edu.ar\/sitio\/?page_id=1445"},"modified":"2020-03-17T12:27:48","modified_gmt":"2020-03-17T15:27:48","slug":"importante","status":"publish","type":"page","link":"https:\/\/esm-nqn.infd.edu.ar\/sitio\/importante\/","title":{"rendered":"IMPORTANTE"},"content":{"rendered":"<p><a href=\"https:\/\/esm-nqn.infd.edu.ar\/sitio\/wp-content\/uploads\/2020\/03\/r_0178_2020.pdf\">r_0178_2020<\/a><\/p>\n<p><a href=\"https:\/\/esm-nqn.infd.edu.ar\/sitio\/wp-content\/uploads\/2020\/03\/Informaci\u00f3n-Importante-Organizaci\u00f3n-y-funcionamiento-ESMN-para-los-pr\u00f3ximos-15-dias.png.pdf\">Informaci\u00f3n Importante- Organizaci\u00f3n y funcionamiento ESMN para los pr\u00f3ximos 15 dias.png<\/a> <a href=\"https:\/\/esm-nqn.infd.edu.ar\/sitio\/wp-content\/uploads\/2020\/03\/r_0178_2020.pdf\">r_0178_2020<\/a><\/p>\n<p>Para estudiantes de nivel terciario: Algunas jefaturas de departamentos \/profesores se comunicar\u00e0n con Uds a traves de mails o aulas virtuales (por ejemplo: departamento de formaci\u00f2n general y departamento de campo de la formaci\u00f2n de las practicas y residencias)<\/p>\n<p>&nbsp;<\/p>\n","protected":false},"excerpt":{"rendered":"<p>r_0178_2020 Informaci\u00f3n Importante- Organizaci\u00f3n y funcionamiento ESMN para los pr\u00f3ximos 15 dias.png r_0178_2020 Para estudiantes de nivel terciario: Algunas jefaturas de departamentos \/profesores se comunicar\u00e0n con Uds a traves de mails o aulas virtuales (por ejemplo: departamento de formaci\u00f2n general y departamento de campo de la formaci\u00f2n de las practicas y residencias) &nbsp;<\/p>\n","protected":false},"author":7,"featured_media":0,"parent":0,"menu_order":0,"comment_status":"closed","ping_status":"closed","template":"","meta":[],"acf":[],"_links":{"self":[{"href":"https:\/\/esm-nqn.infd.edu.ar\/sitio\/wp-json\/wp\/v2\/pages\/1445"}],"collection":[{"href":"https:\/\/esm-nqn.infd.edu.ar\/sitio\/wp-json\/wp\/v2\/pages"}],"about":[{"href":"https:\/\/esm-nqn.infd.edu.ar\/sitio\/wp-json\/wp\/v2\/types\/page"}],"author":[{"embeddable":true,"href":"https:\/\/esm-nqn.infd.edu.ar\/sitio\/wp-json\/wp\/v2\/users\/7"}],"replies":[{"embeddable":true,"href":"https:\/\/esm-nqn.infd.edu.ar\/sitio\/wp-json\/wp\/v2\/comments?post=1445"}],"version-history":[{"count":1,"href":"https:\/\/esm-nqn.infd.edu.ar\/sitio\/wp-json\/wp\/v2\/pages\/1445\/revisions"}],"predecessor-version":[{"id":1448,"href":"https:\/\/esm-nqn.infd.edu.ar\/sitio\/wp-json\/wp\/v2\/pages\/1445\/revisions\/1448"}],"wp:attachment":[{"href":"https:\/\/esm-nqn.infd.edu.ar\/sitio\/wp-json\/wp\/v2\/media?parent=1445"}],"curies":[{"name":"wp","href":"https:\/\/api.w.org\/{rel}","templated":true}]}}