{"id":2407,"date":"2021-07-08T15:31:20","date_gmt":"2021-07-08T18:31:20","guid":{"rendered":"https:\/\/esm-nqn.infd.edu.ar\/sitio\/?page_id=2407"},"modified":"2025-05-26T10:17:40","modified_gmt":"2025-05-26T13:17:40","slug":"institucional","status":"publish","type":"page","link":"https:\/\/esm-nqn.infd.edu.ar\/sitio\/inicio\/institucional\/","title":{"rendered":"Institucional"},"content":{"rendered":"\n<div class=\"wp-block-cover alignfull is-light\"><span aria-hidden=\"true\" class=\"wp-block-cover__background has-background-dim-0 has-background-dim\"><\/span><img decoding=\"async\" loading=\"lazy\" width=\"1600\" height=\"900\" class=\"wp-block-cover__image-background wp-image-2911\" alt=\"\" src=\"https:\/\/esm-nqn.infd.edu.ar\/sitio\/wp-content\/uploads\/2021\/09\/FAmarilloH2.jpeg\" data-object-fit=\"cover\" srcset=\"https:\/\/esm-nqn.infd.edu.ar\/sitio\/wp-content\/uploads\/2021\/09\/FAmarilloH2.jpeg 1600w, https:\/\/esm-nqn.infd.edu.ar\/sitio\/wp-content\/uploads\/2021\/09\/FAmarilloH2-1000x563.jpeg 1000w, https:\/\/esm-nqn.infd.edu.ar\/sitio\/wp-content\/uploads\/2021\/09\/FAmarilloH2-768x432.jpeg 768w, https:\/\/esm-nqn.infd.edu.ar\/sitio\/wp-content\/uploads\/2021\/09\/FAmarilloH2-1536x864.jpeg 1536w\" sizes=\"(max-width: 1600px) 100vw, 1600px\" \/><div class=\"wp-block-cover__inner-container\">\n<p class=\"has-text-align-center has-large-font-size\"> <a href=\"#orggobierno\" data-type=\"internal\" data-id=\"#orggobierno\"><img decoding=\"async\" loading=\"lazy\" width=\"204\" height=\"211\" class=\"wp-image-3045\" style=\"width: 150px;\" src=\"https:\/\/esm-nqn.infd.edu.ar\/sitio\/wp-content\/uploads\/2021\/10\/Politica.png\" alt=\"\"><\/a>  <a rel=\"noreferrer noopener\" href=\"https:\/\/sites.google.com\/view\/esmn-imagenes-y-memoria\/\" data-type=\"URL\" data-id=\"https:\/\/sites.google.com\/view\/esmn-imagenes-y-memoria\/\" target=\"_blank\"><img decoding=\"async\" loading=\"lazy\" width=\"204\" height=\"212\" class=\"wp-image-2782\" style=\"width: 150px;\" src=\"https:\/\/esm-nqn.infd.edu.ar\/sitio\/wp-content\/uploads\/2021\/08\/Historia.png\" alt=\"\"><\/a>  <img decoding=\"async\" loading=\"lazy\" width=\"204\" height=\"211\" class=\"wp-image-3618\" style=\"width: 150px;\" src=\"https:\/\/esm-nqn.infd.edu.ar\/sitio\/wp-content\/uploads\/2022\/05\/InfoEstudiantes.png\" alt=\"\">  <a href=\"https:\/\/sites.google.com\/view\/secretaria-esmn\/inicio\"><img decoding=\"async\" loading=\"lazy\" width=\"204\" height=\"212\" class=\"wp-image-3620\" style=\"width: 150px;\" src=\"https:\/\/esm-nqn.infd.edu.ar\/sitio\/wp-content\/uploads\/2022\/05\/Secretaria.png\" alt=\"\"><\/a>  <a href=\"https:\/\/sites.google.com\/view\/investigacion-esmn\" target=\"_blank\" rel=\"noreferrer noopener\"><img decoding=\"async\" loading=\"lazy\" width=\"204\" height=\"211\" class=\"wp-image-3621\" style=\"width: 150px;\" src=\"https:\/\/esm-nqn.infd.edu.ar\/sitio\/wp-content\/uploads\/2022\/05\/Investigacion.png\" alt=\"\"><\/a>  <img decoding=\"async\" loading=\"lazy\" width=\"204\" height=\"212\" class=\"wp-image-2781\" style=\"width: 150px;\" src=\"https:\/\/esm-nqn.infd.edu.ar\/sitio\/wp-content\/uploads\/2021\/08\/Extension.png\" alt=\"\">  <a href=\"https:\/\/esm-nqn.infd.edu.ar\/sitio\/inicio\/institucional\/inclusion\/\" data-type=\"page\" data-id=\"853\"><img decoding=\"async\" loading=\"lazy\" width=\"204\" height=\"212\" class=\"wp-image-2967\" style=\"width: 150px;\" src=\"https:\/\/esm-nqn.infd.edu.ar\/sitio\/wp-content\/uploads\/2021\/10\/Inclusion.png\" alt=\"\"><\/a>  <a rel=\"noreferrer noopener\" href=\"https:\/\/sites.google.com\/view\/cooperadoraesmn\/inicio\" target=\"_blank\"><img decoding=\"async\" loading=\"lazy\" width=\"204\" height=\"209\" class=\"wp-image-3619\" style=\"width: 150px;\" src=\"https:\/\/esm-nqn.infd.edu.ar\/sitio\/wp-content\/uploads\/2022\/05\/Cooperadora.png\" alt=\"\"><\/a><\/p>\n<\/div><\/div>\n\n\n\n<h2 class=\"wp-block-heading has-text-align-center\">Pol\u00edtica Institucional &#8211; \u00d3rganos de Gobierno<\/h2>\n\n\n\n<div class=\"wp-block-cover alignfull is-light\"><span aria-hidden=\"true\" class=\"wp-block-cover__background has-background-dim-100 has-background-dim\" style=\"background-color:#f1f1eb\"><\/span><div class=\"wp-block-cover__inner-container\">\n<h4 class=\"wp-block-heading has-text-align-center\">EQUIPO DIRECTIVO &#8211; <strong>Periodo 2023-202<\/strong>7<\/h4>\n\n\n\n<div class=\"wp-block-columns is-layout-flex wp-container-6\">\n<div class=\"wp-block-column is-layout-flow\"><\/div>\n\n\n\n<div class=\"wp-block-column is-layout-flow\">\n<p><strong>RECTORA: <\/strong>          <br>Graciela Bellino Novit\u00e1<\/p>\n<\/div>\n\n\n\n<div class=\"wp-block-column is-layout-flow\">\n<p><strong>VICERECTORES:<\/strong><br>Silvina Mansilla<br>Silvina Covicchi<br>Juan Burton<\/p>\n<\/div>\n\n\n\n<div class=\"wp-block-column is-layout-flow\">\n<p><strong>SECRETARIA ACADEMICA:<\/strong><br>Beatriz Martini<\/p>\n<\/div>\n\n\n\n<div class=\"wp-block-column is-layout-flow\"><\/div>\n<\/div>\n\n\n\n<h4 class=\"wp-block-heading has-text-align-center\">CPI: CONSEJO DE POLITICAS INSTITUCIONALES &#8211; <strong>Periodo 2023-202<\/strong>5<\/h4>\n\n\n\n<p><\/p>\n\n\n\n<div class=\"wp-block-columns is-layout-flex wp-container-13\">\n<div class=\"wp-block-column is-layout-flow\"><\/div>\n\n\n\n<div class=\"wp-block-column is-layout-flow\">\n<p><strong>REPRESENTANTES CLAUSTRO ESTUDIANTIL<\/strong><br>Maria Jose Ortega<br>Jorge Morales  Elida \u00c1lvarez Romina Soledad Rojas Ruth Sep\u00falveda<br>Josue Joel Clavijo Tintilay\u00a0<\/p>\n\n\n\n<p>          <\/p>\n<\/div>\n\n\n\n<div class=\"wp-block-column is-layout-flow\">\n<p><strong>REPRESENTANTE CLAUSTRO TAE<\/strong><br><strong>TAE<\/strong>: Trabajadores de Apoyo Educativo<br>Segovia, Manuel<br>Ancafil, Mar\u00eda<br>Giacobbe, Carolina.<br>Werchowsky, Patricia<\/p>\n<\/div>\n\n\n\n<div class=\"wp-block-column is-layout-flow\">\n<p><strong>REPRESENTANTE CLAUSTRO GRADUADES<\/strong><br>Vacante<\/p>\n<\/div>\n\n\n\n<div class=\"wp-block-column is-layout-flow\">\n<p><strong>REPRESENTANTE CLAUSTRO DOCENTE<\/strong><br>Arias, Francisco<br>Di Sanzo, Javier<br>Lagos Garrido, Cristian<br>Culliqueo, Delfor<br>Funari, Cristian<br>Maclean, Victoria<\/p>\n<\/div>\n\n\n\n<div class=\"wp-block-column is-layout-flow\"><\/div>\n<\/div>\n<\/div><\/div>\n\n\n\n<div class=\"wp-block-cover alignfull is-light\"><span aria-hidden=\"true\" class=\"wp-block-cover__background has-background-dim-100 has-background-dim\" style=\"background-color:#e7e2d7\"><\/span><div class=\"wp-block-cover__inner-container\">\n<h4 class=\"wp-block-heading has-text-align-center\" id=\"block-78ce0439-5d8f-4681-a33c-6c78e2cee428\">CA: CONSEJO ACAD\u00c9MICO<\/h4>\n\n\n\n<div class=\"wp-block-columns are-vertically-aligned-top is-layout-flex wp-container-19\">\n<div class=\"wp-block-column is-layout-flow\"><\/div>\n\n\n\n<div class=\"wp-block-column is-vertically-aligned-top is-layout-flow\">\n<p><strong>SECRETAR\u00cdA DE EXTENSI\u00d3N<br><\/strong>Lucia, Cornelli<br><strong>SECRETAR\u00cdA DE INVESTIGACI\u00d3N&nbsp; <br><\/strong>Magdalena Camejo<br><strong>COORDINACI\u00d3N DE NIVEL NI\u00d1OS Y NI\u00d1AS <br><\/strong>Cecilia Diaz<br><strong>COORDINACI\u00d3N DE LA PR\u00c1CTICA INSTRUMENTAL EN EL NIVEL NI\u00d1OS Y NI\u00d1AS<br><\/strong>Stefi Schultz<br><strong>COORDINACI\u00d3N DE LA FORMACION MUSICAL COLECTIVA NIVEL NI\u00d1OS Y NI\u00d1AS<\/strong><br>Vacante<br><strong>ORQUESTA EN LOS BARRIOS<\/strong><br>Gabriel Solla<\/p>\n<\/div>\n\n\n\n<div class=\"wp-block-column is-vertically-aligned-top is-layout-flow\">\n<p><strong>COORDINACI\u00d3N NIVEL FOBAM<\/strong><br>Mauricio Lusardi<br><strong>COORDINACI\u00d3N DE LA FORMACION MUSICAL COLECTIVA NIVEL FOBAM<\/strong><br>Dellamaggiora, Victoria<br><strong>COORDINACION DE ENSAMBLES NIVEL FOBAM<\/strong><br>Fabio Balbarrey<br><strong>COORDINACI\u00d3N DE LA PR\u00c1CTICA INSTRUMENTAL NIVEL FOBAM<\/strong><br>FUCHS, Francisco COSTANZO, Mauricio Carlos<br><strong>COORDINACI\u00d3N DEL CAMPO DE LA PR\u00c1CTICA<br><\/strong>Jose Arrain<br><strong>COORDINACI\u00d3N DE TRAYECTOS MUSICALES ORIENTADOS<\/strong><br>SARALEGUI, Ram\u00f3n<br><\/p>\n<\/div>\n\n\n\n<div class=\"wp-block-column is-vertically-aligned-top is-layout-flow\">\n<p><strong>COORDINACI\u00d3N CAMPO DE LA FORMACI\u00d3N GENERAL <br><\/strong>Vacante <br><strong>COORDINACI\u00d3N DE LENGUAJE MUSICAL<\/strong><br>Joel Lobos<br><strong>COORDINACI\u00d3N  DE FORMACION VOCAL Y CANTO<\/strong><br>Yanina Cifuentes<br><strong>COORDINACI\u00d3N DE ORIENTACI\u00d3N Y PERMANEN<strong>CIA<\/strong><br><\/strong>Victoria Maclean<br><strong>COORDINACI\u00d3N DE \u00c1REA SONIDO<\/strong><br>Mariano Gonzalez<br><strong>COORDINACI\u00d3N DE \u00c1REA INSTRUMENTA<\/strong>L <br>Di Sanzo Javier<br><strong>COORDINACI\u00d3N DE INGRESO Y TRAYECTORIAS<\/strong><br>G\u00d3MEZ SAIBENE, Facundo<\/p>\n\n\n\n<p class=\"has-text-align-left\"><\/p>\n<\/div>\n\n\n\n<div class=\"wp-block-column is-layout-flow\"><\/div>\n<\/div>\n<\/div><\/div>\n\n\n\n<h3 class=\"wp-block-heading\">Normativa Vigente<\/h3>\n\n\n\n<div class=\"wp-block-file\"><a id=\"wp-block-file--media-1f2c5cad-cc2a-4155-b3b3-3368d9b426e0\" href=\"https:\/\/esm-nqn.infd.edu.ar\/sitio\/wp-content\/uploads\/2020\/03\/Resol.-1063-ROM.pdf\">ROM &#8211; Reglamento Org\u00e1nico Marco Resolucion 1063<\/a><a href=\"https:\/\/esm-nqn.infd.edu.ar\/sitio\/wp-content\/uploads\/2020\/03\/Resol.-1063-ROM.pdf\" class=\"wp-block-file__button wp-element-button\" download aria-describedby=\"wp-block-file--media-1f2c5cad-cc2a-4155-b3b3-3368d9b426e0\">Descarga<\/a><\/div>\n\n\n\n<div class=\"wp-block-file\"><a id=\"wp-block-file--media-4e04c8f7-65be-48af-8b91-d7e977e0d0f7\" href=\"https:\/\/esm-nqn.infd.edu.ar\/sitio\/wp-content\/uploads\/2019\/04\/RAI_ESMN_2017_CPI_12_09_17_aprobado-Disp.pdf\" target=\"_blank\" rel=\"noreferrer noopener\">RAI_ESMN &#8211; Reglamento Acad\u00e9mico Institucional 2017_CPI_12_09_17_aprobado Disp<\/a><a href=\"https:\/\/esm-nqn.infd.edu.ar\/sitio\/wp-content\/uploads\/2019\/04\/RAI_ESMN_2017_CPI_12_09_17_aprobado-Disp.pdf\" class=\"wp-block-file__button wp-element-button\" download aria-describedby=\"wp-block-file--media-4e04c8f7-65be-48af-8b91-d7e977e0d0f7\">Descarga<\/a><\/div>\n\n\n\n<p><\/p>\n\n\n\n<div class=\"wp-block-columns is-layout-flex wp-container-22\">\n<div class=\"wp-block-column is-layout-flow\" style=\"flex-basis:100%\">\n<p><a rel=\"noreferrer noopener\" href=\"https:\/\/drive.google.com\/drive\/u\/1\/folders\/1jVuSMppzYSxEFOu0QxbHyWk8sE4KSF0i\" target=\"_blank\">Normativa sobre maltrato infantil<\/a>  <\/p>\n\n\n\n<div class=\"wp-block-file\"><a id=\"wp-block-file--media-321b820d-4fcf-4604-a0d4-bc50ac236b66\" href=\"https:\/\/esm-nqn.infd.edu.ar\/sitio\/wp-content\/uploads\/2025\/03\/RESO-0611_07-MALTRATO-INFANTIL-PROTOCOLO.pdf\">RESO-0611_07-MALTRATO-INFANTIL-PROTOCOLO<\/a><a href=\"https:\/\/esm-nqn.infd.edu.ar\/sitio\/wp-content\/uploads\/2025\/03\/RESO-0611_07-MALTRATO-INFANTIL-PROTOCOLO.pdf\" class=\"wp-block-file__button wp-element-button\" download aria-describedby=\"wp-block-file--media-321b820d-4fcf-4604-a0d4-bc50ac236b66\">Descarga<\/a><\/div>\n<\/div>\n\n\n\n<div class=\"wp-block-column is-layout-flow\" style=\"flex-basis:100%\">\n<p>              <\/p>\n<\/div>\n<\/div>\n\n\n\n<div class=\"wp-block-file\"><a id=\"wp-block-file--media-78bfc0ef-e9fa-4c24-a353-55f9787ce1ac\" href=\"https:\/\/esm-nqn.infd.edu.ar\/sitio\/wp-content\/uploads\/2025\/05\/Resolucio\u0301n-1011_11-RAM.pdf\">Resolucio\u0301n-1011_11-RAM<\/a><a href=\"https:\/\/esm-nqn.infd.edu.ar\/sitio\/wp-content\/uploads\/2025\/05\/Resolucio\u0301n-1011_11-RAM.pdf\" class=\"wp-block-file__button wp-element-button\" download aria-describedby=\"wp-block-file--media-78bfc0ef-e9fa-4c24-a353-55f9787ce1ac\">Descarga<\/a><\/div>\n\n\n\n\n\n<hr class=\"wp-block-separator has-css-opacity\"\/>\n","protected":false},"excerpt":{"rendered":"<p>Pol\u00edtica Institucional &#8211; \u00d3rganos de Gobierno Normativa Vigente Normativa sobre maltrato infantil<\/p>\n","protected":false},"author":393,"featured_media":0,"parent":286,"menu_order":1,"comment_status":"closed","ping_status":"closed","template":"","meta":[],"acf":[],"_links":{"self":[{"href":"https:\/\/esm-nqn.infd.edu.ar\/sitio\/wp-json\/wp\/v2\/pages\/2407"}],"collection":[{"href":"https:\/\/esm-nqn.infd.edu.ar\/sitio\/wp-json\/wp\/v2\/pages"}],"about":[{"href":"https:\/\/esm-nqn.infd.edu.ar\/sitio\/wp-json\/wp\/v2\/types\/page"}],"author":[{"embeddable":true,"href":"https:\/\/esm-nqn.infd.edu.ar\/sitio\/wp-json\/wp\/v2\/users\/393"}],"replies":[{"embeddable":true,"href":"https:\/\/esm-nqn.infd.edu.ar\/sitio\/wp-json\/wp\/v2\/comments?post=2407"}],"version-history":[{"count":66,"href":"https:\/\/esm-nqn.infd.edu.ar\/sitio\/wp-json\/wp\/v2\/pages\/2407\/revisions"}],"predecessor-version":[{"id":6358,"href":"https:\/\/esm-nqn.infd.edu.ar\/sitio\/wp-json\/wp\/v2\/pages\/2407\/revisions\/6358"}],"up":[{"embeddable":true,"href":"https:\/\/esm-nqn.infd.edu.ar\/sitio\/wp-json\/wp\/v2\/pages\/286"}],"wp:attachment":[{"href":"https:\/\/esm-nqn.infd.edu.ar\/sitio\/wp-json\/wp\/v2\/media?parent=2407"}],"curies":[{"name":"wp","href":"https:\/\/api.w.org\/{rel}","templated":true}]}}