{"id":2802,"date":"2021-08-31T13:18:15","date_gmt":"2021-08-31T16:18:15","guid":{"rendered":"https:\/\/esm-nqn.infd.edu.ar\/sitio\/?page_id=2802"},"modified":"2025-09-24T10:00:52","modified_gmt":"2025-09-24T13:00:52","slug":"orquestas-barrios","status":"publish","type":"page","link":"https:\/\/esm-nqn.infd.edu.ar\/sitio\/inicio\/orquestas-barrios\/","title":{"rendered":"Orquestas en los barrios"},"content":{"rendered":"\n<div class=\"wp-block-cover alignfull is-light\" style=\"min-height:260px\"><span aria-hidden=\"true\" class=\"wp-block-cover__background has-background-dim-0 has-background-dim\"><\/span><img decoding=\"async\" loading=\"lazy\" width=\"1280\" height=\"720\" class=\"wp-block-cover__image-background wp-image-2771\" alt=\"\" src=\"https:\/\/esm-nqn.infd.edu.ar\/sitio\/wp-content\/uploads\/2021\/08\/acuarela-naranja-1-rotated.jpeg\" style=\"object-position:48% 71%\" data-object-fit=\"cover\" data-object-position=\"48% 71%\" srcset=\"https:\/\/esm-nqn.infd.edu.ar\/sitio\/wp-content\/uploads\/2021\/08\/acuarela-naranja-1-rotated.jpeg 1280w, https:\/\/esm-nqn.infd.edu.ar\/sitio\/wp-content\/uploads\/2021\/08\/acuarela-naranja-1-1000x563.jpeg 1000w, https:\/\/esm-nqn.infd.edu.ar\/sitio\/wp-content\/uploads\/2021\/08\/acuarela-naranja-1-768x432.jpeg 768w\" sizes=\"(max-width: 1280px) 100vw, 1280px\" \/><div class=\"wp-block-cover__inner-container\">\n<p class=\"has-text-align-center has-large-font-size\"><a href=\"#proporq\" data-type=\"internal\" data-id=\"#proporq\"><img decoding=\"async\" loading=\"lazy\" width=\"204\" height=\"211\" class=\"wp-image-2794\" style=\"width: 150px;\" src=\"https:\/\/esm-nqn.infd.edu.ar\/sitio\/wp-content\/uploads\/2021\/08\/PropAcademica.png\" alt=\"\"><\/a>  <a rel=\"noreferrer noopener\" href=\"https:\/\/esm-nqn.infd.edu.ar\/sitio\/sedes\/\" target=\"_blank\"><img decoding=\"async\" loading=\"lazy\" width=\"204\" height=\"211\" class=\"wp-image-2803\" style=\"width: 150px;\" src=\"https:\/\/esm-nqn.infd.edu.ar\/sitio\/wp-content\/uploads\/2021\/08\/Sedes.png\" alt=\"\"><\/a>  <a rel=\"noreferrer noopener\" href=\"https:\/\/sites.google.com\/view\/orquesta-de-la-confluencia\/p%C3%A1gina-principal\" data-type=\"URL\" data-id=\"https:\/\/sites.google.com\/view\/orquesta-de-la-confluencia\/p%C3%A1gina-principal\" target=\"_blank\"><img decoding=\"async\" loading=\"lazy\" width=\"204\" height=\"214\" class=\"wp-image-2804\" style=\"width: 150px;\" src=\"https:\/\/esm-nqn.infd.edu.ar\/sitio\/wp-content\/uploads\/2021\/08\/Material.png\" alt=\"\"><\/a>  <a href=\"https:\/\/esm-nqn.infd.edu.ar\/sitio\/informes-e-inscripcion-2\/\" target=\"_blank\" rel=\"noreferrer noopener\"><img decoding=\"async\" loading=\"lazy\" width=\"204\" height=\"211\" class=\"wp-image-2787\" style=\"width: 150px;\" src=\"https:\/\/esm-nqn.infd.edu.ar\/sitio\/wp-content\/uploads\/2021\/08\/Informes.png\" alt=\"\"><\/a><\/p>\n<\/div><\/div>\n\n\n\n<div class=\"wp-block-buttons is-layout-flex\"><\/div>\n\n\n\n<p class=\"has-text-align-center has-large-font-size\"><strong> PROPUESTA ACADEMICA<\/strong><\/p>\n\n\n\n<div style=\"position: relative; width: 100%; height: 0; padding-top: 75.0000%;\n padding-bottom: 0; box-shadow: 0 2px 8px 0 rgba(63,69,81,0.16); margin-top: 1.6em; margin-bottom: 0.9em; overflow: hidden;\n border-radius: 8px; will-change: transform;\">\n  <iframe loading=\"lazy\" style=\"position: absolute; width: 100%; height: 100%; top: 0; left: 0; border: none; padding: 0;margin: 0;\" src=\"https:\/\/www.canva.com\/design\/DAFU24xI4uQ\/view?embed\" allowfullscreen=\"allowfullscreen\" allow=\"fullscreen\">\n  <\/iframe>\n<\/div>\n<a href=\"https:\/\/www.canva.com\/design\/DAFU24xI4uQ\/view?utm_content=DAFU24xI4uQ&amp;utm_campaign=designshare&amp;utm_medium=embeds&amp;utm_source=link\" target=\"_blank\" rel=\"noopener\">\n\n\n\n<p class=\"has-text-align-center has-large-font-size\"><\/p>\n\n\n\n<div style=\"position: relative; width: 100%; height: 0; padding-top: 75.0000%;\n padding-bottom: 0; box-shadow: 0 2px 8px 0 rgba(63,69,81,0.16); margin-top: 1.6em; margin-bottom: 0.9em; overflow: hidden;\n border-radius: 8px; will-change: transform;\">\n  <iframe loading=\"lazy\" style=\"position: absolute; width: 100%; height: 100%; top: 0; left: 0; border: none; padding: 0;margin: 0;\"\n    src=\"https:&#x2F;&#x2F;www.canva.com&#x2F;design&#x2F;DAF1vIzk0CY&#x2F;view?embed\" allowfullscreen=\"allowfullscreen\" allow=\"fullscreen\">\n  <\/iframe>\n<\/div>\n<a href=\"https:&#x2F;&#x2F;www.canva.com&#x2F;design&#x2F;DAF1vIzk0CY&#x2F;view?utm_content=DAF1vIzk0CY&amp;utm_campaign=designshare&amp;utm_medium=embeds&amp;utm_source=link\" target=\"_blank\" rel=\"noopener\">\n\n\n\n<div class=\"wp-block-buttons is-layout-flex\"><\/div>\n\n\n\n<p class=\"has-text-align-center has-x-large-font-size\"><\/p>\n\n\n<ul class=\"wp-block-latest-posts__list is-grid columns-3 has-dates wp-block-latest-posts\"><li><div class=\"wp-block-latest-posts__featured-image\"><img width=\"500\" height=\"500\" src=\"https:\/\/esm-nqn.infd.edu.ar\/sitio\/wp-content\/uploads\/2026\/03\/Copia-de-NINES-1-1-500x500.png\" class=\"attachment-thumbnail size-thumbnail wp-post-image\" alt=\"\" decoding=\"async\" loading=\"lazy\" style=\"\" srcset=\"https:\/\/esm-nqn.infd.edu.ar\/sitio\/wp-content\/uploads\/2026\/03\/Copia-de-NINES-1-1-500x500.png 500w, https:\/\/esm-nqn.infd.edu.ar\/sitio\/wp-content\/uploads\/2026\/03\/Copia-de-NINES-1-1-1000x1000.png 1000w, https:\/\/esm-nqn.infd.edu.ar\/sitio\/wp-content\/uploads\/2026\/03\/Copia-de-NINES-1-1-768x768.png 768w, https:\/\/esm-nqn.infd.edu.ar\/sitio\/wp-content\/uploads\/2026\/03\/Copia-de-NINES-1-1.png 1080w\" sizes=\"(max-width: 500px) 100vw, 500px\" \/><\/div><a class=\"wp-block-latest-posts__post-title\" href=\"https:\/\/esm-nqn.infd.edu.ar\/sitio\/6658-2\/\">(sin t\u00edtulo)<\/a><time datetime=\"2026-03-26T10:50:52-03:00\" class=\"wp-block-latest-posts__post-date\">26 marzo, 2026<\/time><div class=\"wp-block-latest-posts__post-excerpt\">Atenci\u00f3n!!! Hay lugares para nivel ni\u00f1os\/as que tengan entre 8 y 10 a\u00f1os para los siguientes instrumentos OBOE- FLAUTA DULCE- FLAUTA TRAVERSA Y CELLO.Si te interesa ac\u00e9rcate a la preceptor\u00eda de 14 a 17:30.Les esperamos<\/div><\/li>\n<li><div class=\"wp-block-latest-posts__featured-image\"><img width=\"500\" height=\"500\" src=\"https:\/\/esm-nqn.infd.edu.ar\/sitio\/wp-content\/uploads\/2025\/09\/WhatsApp-Image-2025-09-19-at-11.52.59-500x500.jpeg\" class=\"attachment-thumbnail size-thumbnail wp-post-image\" alt=\"\" decoding=\"async\" loading=\"lazy\" style=\"\" srcset=\"https:\/\/esm-nqn.infd.edu.ar\/sitio\/wp-content\/uploads\/2025\/09\/WhatsApp-Image-2025-09-19-at-11.52.59-500x500.jpeg 500w, https:\/\/esm-nqn.infd.edu.ar\/sitio\/wp-content\/uploads\/2025\/09\/WhatsApp-Image-2025-09-19-at-11.52.59-1000x1000.jpeg 1000w, https:\/\/esm-nqn.infd.edu.ar\/sitio\/wp-content\/uploads\/2025\/09\/WhatsApp-Image-2025-09-19-at-11.52.59-768x768.jpeg 768w, https:\/\/esm-nqn.infd.edu.ar\/sitio\/wp-content\/uploads\/2025\/09\/WhatsApp-Image-2025-09-19-at-11.52.59.jpeg 1080w\" sizes=\"(max-width: 500px) 100vw, 500px\" \/><\/div><a class=\"wp-block-latest-posts__post-title\" href=\"https:\/\/esm-nqn.infd.edu.ar\/sitio\/clinica-taller\/\">CL\u00cdNICA\/TALLER<\/a><time datetime=\"2025-09-25T10:58:24-03:00\" class=\"wp-block-latest-posts__post-date\">25 septiembre, 2025<\/time><div class=\"wp-block-latest-posts__post-excerpt\">Queremos compartir con la comunidad educativa de la ESMN que el pasado 23 de agosto de este a\u00f1o hemos llevado adelante la actividad&nbsp;Encuentro Regional de Talleristas de M\u00fasica, que consisti\u00f3 en la realizaci\u00f3n de una jornada de encuentro y de &#8230; <a title=\"CL\u00cdNICA\/TALLER\" class=\"read-more\" href=\"https:\/\/esm-nqn.infd.edu.ar\/sitio\/clinica-taller\/\" aria-label=\"More on CL\u00cdNICA\/TALLER\">[+]<\/a><\/div><\/li>\n<li><div class=\"wp-block-latest-posts__featured-image\"><img width=\"500\" height=\"500\" src=\"https:\/\/esm-nqn.infd.edu.ar\/sitio\/wp-content\/uploads\/2025\/09\/lapices-1-500x500.png\" class=\"attachment-thumbnail size-thumbnail wp-post-image\" alt=\"\" decoding=\"async\" loading=\"lazy\" style=\"\" srcset=\"https:\/\/esm-nqn.infd.edu.ar\/sitio\/wp-content\/uploads\/2025\/09\/lapices-1-500x500.png 500w, https:\/\/esm-nqn.infd.edu.ar\/sitio\/wp-content\/uploads\/2025\/09\/lapices-1-1000x1000.png 1000w, https:\/\/esm-nqn.infd.edu.ar\/sitio\/wp-content\/uploads\/2025\/09\/lapices-1-768x768.png 768w, https:\/\/esm-nqn.infd.edu.ar\/sitio\/wp-content\/uploads\/2025\/09\/lapices-1.png 1080w\" sizes=\"(max-width: 500px) 100vw, 500px\" \/><\/div><a class=\"wp-block-latest-posts__post-title\" href=\"https:\/\/esm-nqn.infd.edu.ar\/sitio\/podran-cortar-todas-las-flores-pero-no-podran-detener-la-primavera\/\">Podr\u00e1n cortar todas las flores, pero no podr\u00e1n detener la primavera.<\/a><time datetime=\"2025-09-16T11:42:55-03:00\" class=\"wp-block-latest-posts__post-date\">16 septiembre, 2025<\/time><div class=\"wp-block-latest-posts__post-excerpt\">El 16 de septiembre de 1976, \u201cLa Noche de los l\u00e1pices\u201d, fue un\u00a0momento, quiz\u00e1s\u00a0de los m\u00e1s tr\u00e1gicos, por la temprana edad de sus v\u00edctimas. La dictadura genocida instaurada el 24 de marzo de aquel a\u00f1o, se ensa\u00f1\u00f3 contra la juventud &#8230; <a title=\"Podr\u00e1n cortar todas las flores, pero no podr\u00e1n detener la primavera.\" class=\"read-more\" href=\"https:\/\/esm-nqn.infd.edu.ar\/sitio\/podran-cortar-todas-las-flores-pero-no-podran-detener-la-primavera\/\" aria-label=\"More on Podr\u00e1n cortar todas las flores, pero no podr\u00e1n detener la primavera.\">[+]<\/a><\/div><\/li>\n<li><div class=\"wp-block-latest-posts__featured-image\"><img width=\"500\" height=\"500\" src=\"https:\/\/esm-nqn.infd.edu.ar\/sitio\/wp-content\/uploads\/2025\/09\/DESOBEDIENTES-420-x-420-mm-500x500.png\" class=\"attachment-thumbnail size-thumbnail wp-post-image\" alt=\"\" decoding=\"async\" loading=\"lazy\" style=\"\" srcset=\"https:\/\/esm-nqn.infd.edu.ar\/sitio\/wp-content\/uploads\/2025\/09\/DESOBEDIENTES-420-x-420-mm-500x500.png 500w, https:\/\/esm-nqn.infd.edu.ar\/sitio\/wp-content\/uploads\/2025\/09\/DESOBEDIENTES-420-x-420-mm-1000x1000.png 1000w, https:\/\/esm-nqn.infd.edu.ar\/sitio\/wp-content\/uploads\/2025\/09\/DESOBEDIENTES-420-x-420-mm-1900x1900.png 1900w, https:\/\/esm-nqn.infd.edu.ar\/sitio\/wp-content\/uploads\/2025\/09\/DESOBEDIENTES-420-x-420-mm-768x768.png 768w, https:\/\/esm-nqn.infd.edu.ar\/sitio\/wp-content\/uploads\/2025\/09\/DESOBEDIENTES-420-x-420-mm-1536x1536.png 1536w, https:\/\/esm-nqn.infd.edu.ar\/sitio\/wp-content\/uploads\/2025\/09\/DESOBEDIENTES-420-x-420-mm.png 2000w\" sizes=\"(max-width: 500px) 100vw, 500px\" \/><\/div><a class=\"wp-block-latest-posts__post-title\" href=\"https:\/\/esm-nqn.infd.edu.ar\/sitio\/desobedientes-musicar-como-forma-de-resistencia\/\">DESOBEDIENTES: Musicar como forma de resistencia.<\/a><time datetime=\"2025-09-12T10:37:24-03:00\" class=\"wp-block-latest-posts__post-date\">12 septiembre, 2025<\/time><div class=\"wp-block-latest-posts__post-excerpt\">Queremos compartir con toda la comunidad educativa de la regi\u00f3n un resumen audiovisual de lo que fue el encuentro de formaci\u00f3n para docentes de m\u00fasica de nivel medio, \u201cDESOBEDIENTES: Musicar como forma de resistencia\u201d. El espacio se desarroll\u00f3 el pasado &#8230; <a title=\"DESOBEDIENTES: Musicar como forma de resistencia.\" class=\"read-more\" href=\"https:\/\/esm-nqn.infd.edu.ar\/sitio\/desobedientes-musicar-como-forma-de-resistencia\/\" aria-label=\"More on DESOBEDIENTES: Musicar como forma de resistencia.\">[+]<\/a><\/div><\/li>\n<li><div class=\"wp-block-latest-posts__featured-image\"><img width=\"500\" height=\"500\" src=\"https:\/\/esm-nqn.infd.edu.ar\/sitio\/wp-content\/uploads\/2025\/08\/WhatsApp-Image-2025-08-22-at-19.25.39-500x500.jpeg\" class=\"attachment-thumbnail size-thumbnail wp-post-image\" alt=\"\" decoding=\"async\" loading=\"lazy\" style=\"\" \/><\/div><a class=\"wp-block-latest-posts__post-title\" href=\"https:\/\/esm-nqn.infd.edu.ar\/sitio\/experiencia-cotidiana-y-musical-de-una-persona-con-discapacidad-visual\/\">Experiencia cotidiana y musical de una persona con discapacidad visual<\/a><time datetime=\"2025-08-25T09:41:20-03:00\" class=\"wp-block-latest-posts__post-date\">25 agosto, 2025<\/time><div class=\"wp-block-latest-posts__post-excerpt\">Cecilia Zarate, m\u00fasica, corredora y ciega, nos brindar\u00e1 una charla de c\u00f3mo es su vida, cu\u00e1l es su trabajo, y varias experiencias laborales. El uso de tecnolog\u00edas con accesibilidad para personas ciegas, tanto a nivel educativo, recreativo y musical, habr\u00e1 &#8230; <a title=\"Experiencia cotidiana y musical de una persona con discapacidad visual\" class=\"read-more\" href=\"https:\/\/esm-nqn.infd.edu.ar\/sitio\/experiencia-cotidiana-y-musical-de-una-persona-con-discapacidad-visual\/\" aria-label=\"More on Experiencia cotidiana y musical de una persona con discapacidad visual\">[+]<\/a><\/div><\/li>\n<li><div class=\"wp-block-latest-posts__featured-image\"><img width=\"500\" height=\"500\" src=\"https:\/\/esm-nqn.infd.edu.ar\/sitio\/wp-content\/uploads\/2025\/08\/WhatsApp-Image-2025-08-20-at-15.44.34-500x500.jpeg\" class=\"attachment-thumbnail size-thumbnail wp-post-image\" alt=\"\" decoding=\"async\" loading=\"lazy\" style=\"\" srcset=\"https:\/\/esm-nqn.infd.edu.ar\/sitio\/wp-content\/uploads\/2025\/08\/WhatsApp-Image-2025-08-20-at-15.44.34-500x500.jpeg 500w, https:\/\/esm-nqn.infd.edu.ar\/sitio\/wp-content\/uploads\/2025\/08\/WhatsApp-Image-2025-08-20-at-15.44.34-1000x1000.jpeg 1000w, https:\/\/esm-nqn.infd.edu.ar\/sitio\/wp-content\/uploads\/2025\/08\/WhatsApp-Image-2025-08-20-at-15.44.34-768x768.jpeg 768w, https:\/\/esm-nqn.infd.edu.ar\/sitio\/wp-content\/uploads\/2025\/08\/WhatsApp-Image-2025-08-20-at-15.44.34.jpeg 1080w\" sizes=\"(max-width: 500px) 100vw, 500px\" \/><\/div><a class=\"wp-block-latest-posts__post-title\" href=\"https:\/\/esm-nqn.infd.edu.ar\/sitio\/taller-experimental-de-lectura-y-escritura-sonora\/\">Taller experimental de lectura y escritura sonora<\/a><time datetime=\"2025-08-21T20:24:21-03:00\" class=\"wp-block-latest-posts__post-date\">21 agosto, 2025<\/time><div class=\"wp-block-latest-posts__post-excerpt\">Invitamos a docentes de m\u00fasica y lengua y literatura y estudiantes de m\u00fasica y lengua y literatura a participar de este espacio de formaci\u00f3n que tiene como objetivo reflexionar acerca de formas no convencionales de intervenir la poes\u00eda en articulaci\u00f3n &#8230; <a title=\"Taller experimental de lectura y escritura sonora\" class=\"read-more\" href=\"https:\/\/esm-nqn.infd.edu.ar\/sitio\/taller-experimental-de-lectura-y-escritura-sonora\/\" aria-label=\"More on Taller experimental de lectura y escritura sonora\">[+]<\/a><\/div><\/li>\n<\/ul>","protected":false},"excerpt":{"rendered":"<p>PROPUESTA ACADEMICA<\/p>\n","protected":false},"author":393,"featured_media":0,"parent":286,"menu_order":1,"comment_status":"closed","ping_status":"closed","template":"","meta":[],"acf":[],"_links":{"self":[{"href":"https:\/\/esm-nqn.infd.edu.ar\/sitio\/wp-json\/wp\/v2\/pages\/2802"}],"collection":[{"href":"https:\/\/esm-nqn.infd.edu.ar\/sitio\/wp-json\/wp\/v2\/pages"}],"about":[{"href":"https:\/\/esm-nqn.infd.edu.ar\/sitio\/wp-json\/wp\/v2\/types\/page"}],"author":[{"embeddable":true,"href":"https:\/\/esm-nqn.infd.edu.ar\/sitio\/wp-json\/wp\/v2\/users\/393"}],"replies":[{"embeddable":true,"href":"https:\/\/esm-nqn.infd.edu.ar\/sitio\/wp-json\/wp\/v2\/comments?post=2802"}],"version-history":[{"count":31,"href":"https:\/\/esm-nqn.infd.edu.ar\/sitio\/wp-json\/wp\/v2\/pages\/2802\/revisions"}],"predecessor-version":[{"id":6479,"href":"https:\/\/esm-nqn.infd.edu.ar\/sitio\/wp-json\/wp\/v2\/pages\/2802\/revisions\/6479"}],"up":[{"embeddable":true,"href":"https:\/\/esm-nqn.infd.edu.ar\/sitio\/wp-json\/wp\/v2\/pages\/286"}],"wp:attachment":[{"href":"https:\/\/esm-nqn.infd.edu.ar\/sitio\/wp-json\/wp\/v2\/media?parent=2802"}],"curies":[{"name":"wp","href":"https:\/\/api.w.org\/{rel}","templated":true}]}}