{"id":2813,"date":"2021-08-31T15:32:17","date_gmt":"2021-08-31T18:32:17","guid":{"rendered":"https:\/\/esm-nqn.infd.edu.ar\/sitio\/?page_id=2813"},"modified":"2026-03-04T11:56:14","modified_gmt":"2026-03-04T14:56:14","slug":"terciario","status":"publish","type":"page","link":"https:\/\/esm-nqn.infd.edu.ar\/sitio\/inicio\/terciario\/","title":{"rendered":"Terciario"},"content":{"rendered":"\n<div class=\"wp-block-cover alignfull is-light\" style=\"min-height:287px\"><span aria-hidden=\"true\" class=\"wp-block-cover__background has-background-dim-0 has-background-dim\"><\/span><img decoding=\"async\" loading=\"lazy\" width=\"1280\" height=\"720\" class=\"wp-block-cover__image-background wp-image-2800\" alt=\"\" src=\"https:\/\/esm-nqn.infd.edu.ar\/sitio\/wp-content\/uploads\/2021\/08\/acuarela-violeta-rotated.jpeg\" style=\"object-position:52% 2%\" data-object-fit=\"cover\" data-object-position=\"52% 2%\" srcset=\"https:\/\/esm-nqn.infd.edu.ar\/sitio\/wp-content\/uploads\/2021\/08\/acuarela-violeta-rotated.jpeg 1280w, https:\/\/esm-nqn.infd.edu.ar\/sitio\/wp-content\/uploads\/2021\/08\/acuarela-violeta-1000x563.jpeg 1000w, https:\/\/esm-nqn.infd.edu.ar\/sitio\/wp-content\/uploads\/2021\/08\/acuarela-violeta-768x432.jpeg 768w\" sizes=\"(max-width: 1280px) 100vw, 1280px\" \/><div class=\"wp-block-cover__inner-container\">\n<div class=\"wp-block-group is-vertical is-content-justification-center is-layout-flex wp-container-3\">\n<div class=\"wp-block-columns is-layout-flex wp-container-2\">\n<div class=\"wp-block-column is-vertically-aligned-center is-layout-flow\" style=\"flex-basis:200%\">\n<p class=\"has-large-font-size\"> <a title=\"Detalle de la propuesta acad\u00e9mica del nivel\" href=\"#propacadterciario\" data-type=\"internal\" data-id=\"#propacadterciario\"><img decoding=\"async\" loading=\"lazy\" width=\"204\" height=\"211\" class=\"wp-image-2794\" style=\"width: 150px;\" src=\"https:\/\/esm-nqn.infd.edu.ar\/sitio\/wp-content\/uploads\/2021\/08\/PropAcademica.png\" alt=\"Propuesta Ac\u00e1demica\"><\/a> <a rel=\"noreferrer noopener\" title=\"Acceso al Campus Virtual\" href=\"https:\/\/esm-nqn.infd.edu.ar\/aula\/\" data-type=\"URL\" data-id=\"https:\/\/esm-nqn.infd.edu.ar\/aula\/\" target=\"_blank\"><img decoding=\"async\" loading=\"lazy\" width=\"204\" height=\"217\" class=\"wp-image-2776\" style=\"width: 150px;\" src=\"https:\/\/esm-nqn.infd.edu.ar\/sitio\/wp-content\/uploads\/2021\/08\/CampusV.png\" alt=\"Campus Virtual\"><\/a> <a href=\"https:\/\/esm-nqn.infd.edu.ar\/sitio\/ciclo-facilitador-para-ingreso-al-profesorado-de-educacion-musical\/\"><img decoding=\"async\" loading=\"lazy\" width=\"204\" height=\"220\" class=\"wp-image-5429\" style=\"width: 150px;\" src=\"https:\/\/esm-nqn.infd.edu.ar\/sitio\/wp-content\/uploads\/2023\/12\/Pregrado.png\" alt=\"\"><\/a> <a rel=\"noreferrer noopener\" href=\"https:\/\/sites.google.com\/view\/esmn-bedelia\/inicio\" target=\"_blank\"><\/a><a rel=\"noreferrer noopener\" href=\"https:\/\/sites.google.com\/view\/esmn-bedelia\/inicio\" target=\"_blank\"><img decoding=\"async\" loading=\"lazy\" width=\"204\" height=\"212\" class=\"wp-image-4267\" style=\"width: 150px;\" src=\"https:\/\/esm-nqn.infd.edu.ar\/sitio\/wp-content\/uploads\/2023\/02\/Bedelia.png\" alt=\"Bedel\u00eda\"> <\/a><a rel=\"noreferrer noopener\" href=\"https:\/\/esm-nqn.infd.edu.ar\/sitio\/mesas-de-examen\/\" target=\"_blank\"><img decoding=\"async\" class=\"wp-image-4267\" style=\"width: 150px;\" src=\"https:\/\/esm-nqn.infd.edu.ar\/sitio\/wp-content\/uploads\/2023\/10\/Mesas-1.png\" alt=\"Mesas de Examen\"><\/a> <\/p>\n<\/div>\n<\/div>\n\n\n\n<figure class=\"wp-block-image size-full is-resized\"><a href=\"https:\/\/sites.google.com\/view\/alumnos-docentes-tecsonidoesmn\/inicio?authuser=0\" target=\"_blank\" rel=\"https:\/\/sites.google.com\/view\/alumnos-docentes-tecsonidoesmn\/inicio?authuser=0 noopener\"><img decoding=\"async\" loading=\"lazy\" src=\"https:\/\/esm-nqn.infd.edu.ar\/sitio\/wp-content\/uploads\/2025\/10\/tecnicatura2.png\" alt=\"\" class=\"wp-image-6495\" width=\"153\" height=\"159\"\/><\/a><\/figure>\n<\/div>\n<\/div><\/div>\n\n\n\n<div class=\"wp-block-buttons alignwide is-content-justification-center is-layout-flex wp-container-4\">\n<div class=\"wp-block-button has-custom-width wp-block-button__width-50 has-custom-font-size has-large-font-size\"><a class=\"wp-block-button__link has-luminous-dusk-gradient-background has-background wp-element-button\" href=\"https:\/\/esm-nqn.infd.edu.ar\/sitio\/inicio\/terciario\/ciclo-facilitador-para-ingreso-al-profesorado-de-educacion-musical\/\" target=\"_blank\" rel=\"noreferrer noopener\">INGRESANTES 2026<\/a><\/div>\n\n\n\n<div class=\"wp-block-button has-custom-width wp-block-button__width-50 has-custom-font-size is-style-fill has-large-font-size\"><a class=\"wp-block-button__link has-base-2-color has-luminous-dusk-gradient-background has-text-color has-background wp-element-button\" href=\"https:\/\/esm-nqn.infd.edu.ar\/sitio\/6018-2\/\" target=\"_blank\" rel=\"noreferrer noopener\">ASPIRANTES A PRIMER A\u00d1O<\/a><\/div>\n\n\n\n<div class=\"wp-block-button has-custom-width wp-block-button__width-50 has-custom-font-size is-style-fill has-large-font-size\"><a class=\"wp-block-button__link has-base-2-color has-luminous-dusk-gradient-background has-text-color has-background wp-element-button\" href=\"https:\/\/sites.google.com\/view\/inscripciones-esmn\/listado-estudiantes?authuser=0\" target=\"_blank\" rel=\"noreferrer noopener\">ESTUDIANTES REGULARES<\/a><\/div>\n<\/div>\n\n\n\n<hr class=\"wp-block-separator has-css-opacity\"\/>\n\n\n\n<div class=\"wp-block-buttons is-content-justification-center is-layout-flex wp-container-5\">\n<div class=\"wp-block-button\"><a class=\"wp-block-button__link wp-element-button\" href=\"https:\/\/sites.google.com\/view\/inscripciones-esmn\" target=\"_blank\" rel=\"noreferrer noopener\">Sitio de Inscripciones a cursados<\/a><\/div>\n<\/div>\n\n\n\n<h2 class=\"wp-block-heading has-text-align-left\" id=\"propacadterciario\">Propuesta acad\u00e9mica<\/h2>\n\n\n\n<p><a href=\"https:\/\/www.canva.com\/design\/DAFSBzV7TTc\/view?utm_content=DAFSBzV7TTc&amp;utm_campaign=designshare&amp;utm_medium=embeds&amp;utm_source=link\" target=\"_blank\" rel=\"noopener\"><\/a><\/p>\n\n\n\n<div style=\"position: relative; width: 100%; height: 0; padding-top: 75.0000%;\n padding-bottom: 0; box-shadow: 0 2px 8px 0 rgba(63,69,81,0.16); margin-top: 1.6em; margin-bottom: 0.9em; overflow: hidden;\n border-radius: 8px; will-change: transform;\">\n  <iframe loading=\"lazy\" style=\"position: absolute; width: 100%; height: 100%; top: 0; left: 0; border: none; padding: 0;margin: 0;\"\n    src=\"https:&#x2F;&#x2F;www.canva.com&#x2F;design&#x2F;DAF2HYnrSPQ&#x2F;view?embed\" allowfullscreen=\"allowfullscreen\" allow=\"fullscreen\">\n  <\/iframe>\n<\/div>\n<a href=\"https:&#x2F;&#x2F;www.canva.com&#x2F;design&#x2F;DAF2HYnrSPQ&#x2F;view?utm_content=DAF2HYnrSPQ&amp;utm_campaign=designshare&amp;utm_medium=embeds&amp;utm_source=link\" target=\"_blank\" rel=\"noopener\">\n\n\n\n<div style=\"position: relative; width: 100%; height: 0; padding-top: 75.0000%;\n padding-bottom: 0; box-shadow: 0 2px 8px 0 rgba(63,69,81,0.16); margin-top: 1.6em; margin-bottom: 0.9em; overflow: hidden;\n border-radius: 8px; will-change: transform;\">\n  <iframe loading=\"lazy\" style=\"position: absolute; width: 100%; height: 100%; top: 0; left: 0; border: none; padding: 0;margin: 0;\"\n    src=\"https:\/\/www.canva.com\/design\/DAGpfKvxQsw\/tJQS2i6ebcIjOPmUp_GT0A\/view?embed\" allowfullscreen=\"allowfullscreen\" allow=\"fullscreen\">\n  <\/iframe>\n<\/div>\n<a href=\"https:&#x2F;&#x2F;www.canva.com&#x2F;design&#x2F;DAGpfKvxQsw&#x2F;tJQS2i6ebcIjOPmUp_GT0A&#x2F;view?utm_content=DAGpfKvxQsw&amp;utm_campaign=designshare&amp;utm_medium=embeds&amp;utm_source=link\" target=\"_blank\" rel=\"noopener\"><\/a>\n\n\n\n<div style=\"position: relative; width: 100%; height: 0; padding-top: 75.0000%;\n padding-bottom: 0; box-shadow: 0 2px 8px 0 rgba(63,69,81,0.16); margin-top: 1.6em; margin-bottom: 0.9em; overflow: hidden;\n border-radius: 8px; will-change: transform;\">\n  <iframe loading=\"lazy\" style=\"position: absolute; width: 100%; height: 100%; top: 0; left: 0; border: none; padding: 0;margin: 0;\"\n    src=\"https:\/\/www.canva.com\/design\/DAF2HRdjUYQ\/q-tow3pXbAaWsn1_GHKWdw\/view?embed\" allowfullscreen=\"allowfullscreen\" allow=\"fullscreen\">\n  <\/iframe>\n<\/div>\n<a href=\"https:&#x2F;&#x2F;www.canva.com&#x2F;design&#x2F;DAF2HRdjUYQ&#x2F;q-tow3pXbAaWsn1_GHKWdw&#x2F;view?utm_content=DAF2HRdjUYQ&amp;utm_campaign=designshare&amp;utm_medium=embeds&amp;utm_source=link\" target=\"_blank\" rel=\"noopener\"><\/a>\n\n\n\n<div style=\"position: relative; width: 100%; height: 0; padding-top: 75.0000%;\n padding-bottom: 0; box-shadow: 0 2px 8px 0 rgba(63,69,81,0.16); margin-top: 1.6em; margin-bottom: 0.9em; overflow: hidden;\n border-radius: 8px; will-change: transform;\">\n  <iframe loading=\"lazy\" style=\"position: absolute; width: 100%; height: 100%; top: 0; left: 0; border: none; padding: 0;margin: 0;\"\n    src=\"https:\/\/www.canva.com\/design\/DAF2Hcwhw4g\/view?embed\" allowfullscreen=\"allowfullscreen\" allow=\"fullscreen\">\n  <\/iframe>\n<\/div>\n<a href=\"https:&#x2F;&#x2F;www.canva.com&#x2F;design&#x2F;DAF2Hcwhw4g&#x2F;view?utm_content=DAF2Hcwhw4g&amp;utm_campaign=designshare&amp;utm_medium=embeds&amp;utm_source=link\" target=\"_blank\" rel=\"noopener\"><\/a>\n\n\n\n<div style=\"position: relative; width: 100%; height: 0; padding-top: 75.0000%;\n padding-bottom: 0; box-shadow: 0 2px 8px 0 rgba(63,69,81,0.16); margin-top: 1.6em; margin-bottom: 0.9em; overflow: hidden;\n border-radius: 8px; will-change: transform;\">\n  <iframe loading=\"lazy\" style=\"position: absolute; width: 100%; height: 100%; top: 0; left: 0; border: none; padding: 0;margin: 0;\"\n    src=\"https:\/\/www.canva.com\/design\/DAGpfQhbBK4\/kNpLsqwstdu0atNhNsjb9g\/view?embed\" allowfullscreen=\"allowfullscreen\" allow=\"fullscreen\">\n  <\/iframe>\n<\/div>\n<a href=\"https:&#x2F;&#x2F;www.canva.com&#x2F;design&#x2F;DAGpfQhbBK4&#x2F;kNpLsqwstdu0atNhNsjb9g&#x2F;view?utm_content=DAGpfQhbBK4&amp;utm_campaign=designshare&amp;utm_medium=embeds&amp;utm_source=link\" target=\"_blank\" rel=\"noopener\"><\/a>\n\n\n\n<div style=\"position: relative; width: 100%; height: 0; padding-top: 75.0000%;\n padding-bottom: 0; box-shadow: 0 2px 8px 0 rgba(63,69,81,0.16); margin-top: 1.6em; margin-bottom: 0.9em; overflow: hidden;\n border-radius: 8px; will-change: transform;\">\n  <iframe loading=\"lazy\" style=\"position: absolute; width: 100%; height: 100%; top: 0; left: 0; border: none; padding: 0;margin: 0;\"\n    src=\"https:&#x2F;&#x2F;www.canva.com&#x2F;design&#x2F;DAF1vXLgP4s&#x2F;view?embed\" allowfullscreen=\"allowfullscreen\" allow=\"fullscreen\">\n  <\/iframe>\n<\/div>\n<a href=\"https:&#x2F;&#x2F;www.canva.com&#x2F;design&#x2F;DAF1vXLgP4s&#x2F;view?utm_content=DAF1vXLgP4s&amp;utm_campaign=designshare&amp;utm_medium=embeds&amp;utm_source=link\" target=\"_blank\" rel=\"noopener\">\n\n\n\n<div style=\"position: relative; width: 100%; height: 0; padding-top: 75.0000%;\n padding-bottom: 0; box-shadow: 0 2px 8px 0 rgba(63,69,81,0.16); margin-top: 1.6em; margin-bottom: 0.9em; overflow: hidden;\n border-radius: 8px; will-change: transform;\">\n  <iframe loading=\"lazy\" style=\"position: absolute; width: 100%; height: 100%; top: 0; left: 0; border: none; padding: 0;margin: 0;\"\n    src=\"https:&#x2F;&#x2F;www.canva.com&#x2F;design&#x2F;DAF1vSG2WSQ&#x2F;W8dyEQ6KLgz0-cOhgJjiCw&#x2F;view?embed\" allowfullscreen=\"allowfullscreen\" allow=\"fullscreen\">\n  <\/iframe>\n<\/div>\n<a href=\"https:&#x2F;&#x2F;www.canva.com&#x2F;design&#x2F;DAF1vSG2WSQ&#x2F;W8dyEQ6KLgz0-cOhgJjiCw&#x2F;view?utm_content=DAF1vSG2WSQ&amp;utm_campaign=designshare&amp;utm_medium=embeds&amp;utm_source=link\" target=\"_blank\" rel=\"noopener\">\n\n\n\n<div style=\"position: relative; width: 100%; height: 0; padding-top: 75.0000%;\n padding-bottom: 0; box-shadow: 0 2px 8px 0 rgba(63,69,81,0.16); margin-top: 1.6em; margin-bottom: 0.9em; overflow: hidden;\n border-radius: 8px; will-change: transform;\">\n  <iframe loading=\"lazy\" style=\"position: absolute; width: 100%; height: 100%; top: 0; left: 0; border: none; padding: 0;margin: 0;\"\n    src=\"https:&#x2F;&#x2F;www.canva.com&#x2F;design&#x2F;DAF2HvbipnU&#x2F;view?embed\" allowfullscreen=\"allowfullscreen\" allow=\"fullscreen\">\n  <\/iframe>\n<\/div>\n<a href=\"https:&#x2F;&#x2F;www.canva.com&#x2F;design&#x2F;DAF2HvbipnU&#x2F;view?utm_content=DAF2HvbipnU&amp;utm_campaign=designshare&amp;utm_medium=embeds&amp;utm_source=link\" target=\"_blank\" rel=\"noopener\">\n\n\n\n<div class=\"wp-block-buttons alignwide is-content-justification-center is-layout-flex wp-container-6\">\n<div class=\"wp-block-button has-custom-width wp-block-button__width-100 has-custom-font-size is-style-fill has-medium-font-size\"><a class=\"wp-block-button__link wp-element-button\" href=\"https:\/\/drive.google.com\/file\/d\/1fly0eUSD0CQXlf0bN_8UnFuNpyekaieN\/view?usp=sharing\" style=\"border-radius:3px\" target=\"_blank\" rel=\"noreferrer noopener\">Informaci\u00f3n para estudiantes.pdf para descargar<\/a><\/div>\n\n\n\n<div class=\"wp-block-button has-custom-width wp-block-button__width-100 has-custom-font-size is-style-fill has-medium-font-size\"><a class=\"wp-block-button__link wp-element-button\" href=\"https:\/\/drive.google.com\/drive\/folders\/1_0HxtuugPN2GolI7ILf2sMsfC23ReD6Z?usp=drive_link\" style=\"border-radius:3px\" target=\"_blank\" rel=\"noreferrer noopener\">Normativas Nacionales y Provinciales de Educaci\u00f3n Superior<\/a><\/div>\n<\/div>\n\n\n<ul class=\"wp-block-latest-posts__list is-grid columns-3 has-dates wp-block-latest-posts\"><li><div class=\"wp-block-latest-posts__featured-image\"><img width=\"500\" height=\"500\" src=\"https:\/\/esm-nqn.infd.edu.ar\/sitio\/wp-content\/uploads\/2026\/03\/Copia-de-NINES-1-1-500x500.png\" class=\"attachment-thumbnail size-thumbnail wp-post-image\" alt=\"\" decoding=\"async\" loading=\"lazy\" style=\"\" srcset=\"https:\/\/esm-nqn.infd.edu.ar\/sitio\/wp-content\/uploads\/2026\/03\/Copia-de-NINES-1-1-500x500.png 500w, https:\/\/esm-nqn.infd.edu.ar\/sitio\/wp-content\/uploads\/2026\/03\/Copia-de-NINES-1-1-1000x1000.png 1000w, https:\/\/esm-nqn.infd.edu.ar\/sitio\/wp-content\/uploads\/2026\/03\/Copia-de-NINES-1-1-768x768.png 768w, https:\/\/esm-nqn.infd.edu.ar\/sitio\/wp-content\/uploads\/2026\/03\/Copia-de-NINES-1-1.png 1080w\" sizes=\"(max-width: 500px) 100vw, 500px\" \/><\/div><a class=\"wp-block-latest-posts__post-title\" href=\"https:\/\/esm-nqn.infd.edu.ar\/sitio\/6658-2\/\">(sin t\u00edtulo)<\/a><time datetime=\"2026-03-26T10:50:52-03:00\" class=\"wp-block-latest-posts__post-date\">26 marzo, 2026<\/time><div class=\"wp-block-latest-posts__post-excerpt\">Atenci\u00f3n!!! Hay lugares para nivel ni\u00f1os\/as que tengan entre 8 y 10 a\u00f1os para los siguientes instrumentos OBOE- FLAUTA DULCE- FLAUTA TRAVERSA Y CELLO.Si te interesa ac\u00e9rcate a la preceptor\u00eda de 14 a 17:30.Les esperamos<\/div><\/li>\n<li><div class=\"wp-block-latest-posts__featured-image\"><img width=\"500\" height=\"500\" src=\"https:\/\/esm-nqn.infd.edu.ar\/sitio\/wp-content\/uploads\/2025\/09\/WhatsApp-Image-2025-09-19-at-11.52.59-500x500.jpeg\" class=\"attachment-thumbnail size-thumbnail wp-post-image\" alt=\"\" decoding=\"async\" loading=\"lazy\" style=\"\" srcset=\"https:\/\/esm-nqn.infd.edu.ar\/sitio\/wp-content\/uploads\/2025\/09\/WhatsApp-Image-2025-09-19-at-11.52.59-500x500.jpeg 500w, https:\/\/esm-nqn.infd.edu.ar\/sitio\/wp-content\/uploads\/2025\/09\/WhatsApp-Image-2025-09-19-at-11.52.59-1000x1000.jpeg 1000w, https:\/\/esm-nqn.infd.edu.ar\/sitio\/wp-content\/uploads\/2025\/09\/WhatsApp-Image-2025-09-19-at-11.52.59-768x768.jpeg 768w, https:\/\/esm-nqn.infd.edu.ar\/sitio\/wp-content\/uploads\/2025\/09\/WhatsApp-Image-2025-09-19-at-11.52.59.jpeg 1080w\" sizes=\"(max-width: 500px) 100vw, 500px\" \/><\/div><a class=\"wp-block-latest-posts__post-title\" href=\"https:\/\/esm-nqn.infd.edu.ar\/sitio\/clinica-taller\/\">CL\u00cdNICA\/TALLER<\/a><time datetime=\"2025-09-25T10:58:24-03:00\" class=\"wp-block-latest-posts__post-date\">25 septiembre, 2025<\/time><div class=\"wp-block-latest-posts__post-excerpt\">Queremos compartir con la comunidad educativa de la ESMN que el pasado 23 de agosto de este a\u00f1o hemos llevado adelante la actividad&nbsp;Encuentro Regional de Talleristas de M\u00fasica, que consisti\u00f3 en la realizaci\u00f3n de una jornada de encuentro y de intercambio junto a diversos talleristas de m\u00fasica del \u00e1mbito no formal. Este evento, se enmarca &#8230; <a title=\"CL\u00cdNICA\/TALLER\" class=\"read-more\" href=\"https:\/\/esm-nqn.infd.edu.ar\/sitio\/clinica-taller\/\" aria-label=\"More on CL\u00cdNICA\/TALLER\">[+]<\/a><\/div><\/li>\n<li><div class=\"wp-block-latest-posts__featured-image\"><img width=\"500\" height=\"500\" src=\"https:\/\/esm-nqn.infd.edu.ar\/sitio\/wp-content\/uploads\/2025\/09\/lapices-1-500x500.png\" class=\"attachment-thumbnail size-thumbnail wp-post-image\" alt=\"\" decoding=\"async\" loading=\"lazy\" style=\"\" srcset=\"https:\/\/esm-nqn.infd.edu.ar\/sitio\/wp-content\/uploads\/2025\/09\/lapices-1-500x500.png 500w, https:\/\/esm-nqn.infd.edu.ar\/sitio\/wp-content\/uploads\/2025\/09\/lapices-1-1000x1000.png 1000w, https:\/\/esm-nqn.infd.edu.ar\/sitio\/wp-content\/uploads\/2025\/09\/lapices-1-768x768.png 768w, https:\/\/esm-nqn.infd.edu.ar\/sitio\/wp-content\/uploads\/2025\/09\/lapices-1.png 1080w\" sizes=\"(max-width: 500px) 100vw, 500px\" \/><\/div><a class=\"wp-block-latest-posts__post-title\" href=\"https:\/\/esm-nqn.infd.edu.ar\/sitio\/podran-cortar-todas-las-flores-pero-no-podran-detener-la-primavera\/\">Podr\u00e1n cortar todas las flores, pero no podr\u00e1n detener la primavera.<\/a><time datetime=\"2025-09-16T11:42:55-03:00\" class=\"wp-block-latest-posts__post-date\">16 septiembre, 2025<\/time><div class=\"wp-block-latest-posts__post-excerpt\">El 16 de septiembre de 1976, \u201cLa Noche de los l\u00e1pices\u201d, fue un\u00a0momento, quiz\u00e1s\u00a0de los m\u00e1s tr\u00e1gicos, por la temprana edad de sus v\u00edctimas. La dictadura genocida instaurada el 24 de marzo de aquel a\u00f1o, se ensa\u00f1\u00f3 contra la juventud obrera y los estudiantes universitarios, pero esa noche -que no fue la \u00fanica noche de &#8230; <a title=\"Podr\u00e1n cortar todas las flores, pero no podr\u00e1n detener la primavera.\" class=\"read-more\" href=\"https:\/\/esm-nqn.infd.edu.ar\/sitio\/podran-cortar-todas-las-flores-pero-no-podran-detener-la-primavera\/\" aria-label=\"More on Podr\u00e1n cortar todas las flores, pero no podr\u00e1n detener la primavera.\">[+]<\/a><\/div><\/li>\n<li><div class=\"wp-block-latest-posts__featured-image\"><img width=\"500\" height=\"500\" src=\"https:\/\/esm-nqn.infd.edu.ar\/sitio\/wp-content\/uploads\/2025\/09\/DESOBEDIENTES-420-x-420-mm-500x500.png\" class=\"attachment-thumbnail size-thumbnail wp-post-image\" alt=\"\" decoding=\"async\" loading=\"lazy\" style=\"\" srcset=\"https:\/\/esm-nqn.infd.edu.ar\/sitio\/wp-content\/uploads\/2025\/09\/DESOBEDIENTES-420-x-420-mm-500x500.png 500w, https:\/\/esm-nqn.infd.edu.ar\/sitio\/wp-content\/uploads\/2025\/09\/DESOBEDIENTES-420-x-420-mm-1000x1000.png 1000w, https:\/\/esm-nqn.infd.edu.ar\/sitio\/wp-content\/uploads\/2025\/09\/DESOBEDIENTES-420-x-420-mm-1900x1900.png 1900w, https:\/\/esm-nqn.infd.edu.ar\/sitio\/wp-content\/uploads\/2025\/09\/DESOBEDIENTES-420-x-420-mm-768x768.png 768w, https:\/\/esm-nqn.infd.edu.ar\/sitio\/wp-content\/uploads\/2025\/09\/DESOBEDIENTES-420-x-420-mm-1536x1536.png 1536w, https:\/\/esm-nqn.infd.edu.ar\/sitio\/wp-content\/uploads\/2025\/09\/DESOBEDIENTES-420-x-420-mm.png 2000w\" sizes=\"(max-width: 500px) 100vw, 500px\" \/><\/div><a class=\"wp-block-latest-posts__post-title\" href=\"https:\/\/esm-nqn.infd.edu.ar\/sitio\/desobedientes-musicar-como-forma-de-resistencia\/\">DESOBEDIENTES: Musicar como forma de resistencia.<\/a><time datetime=\"2025-09-12T10:37:24-03:00\" class=\"wp-block-latest-posts__post-date\">12 septiembre, 2025<\/time><div class=\"wp-block-latest-posts__post-excerpt\">Queremos compartir con toda la comunidad educativa de la regi\u00f3n un resumen audiovisual de lo que fue el encuentro de formaci\u00f3n para docentes de m\u00fasica de nivel medio, \u201cDESOBEDIENTES: Musicar como forma de resistencia\u201d. El espacio se desarroll\u00f3 el pasado 23 y 24 de mayo y form\u00f3 parte de un proyecto de coformaci\u00f3n pensado desde &#8230; <a title=\"DESOBEDIENTES: Musicar como forma de resistencia.\" class=\"read-more\" href=\"https:\/\/esm-nqn.infd.edu.ar\/sitio\/desobedientes-musicar-como-forma-de-resistencia\/\" aria-label=\"More on DESOBEDIENTES: Musicar como forma de resistencia.\">[+]<\/a><\/div><\/li>\n<li><div class=\"wp-block-latest-posts__featured-image\"><img width=\"500\" height=\"500\" src=\"https:\/\/esm-nqn.infd.edu.ar\/sitio\/wp-content\/uploads\/2025\/08\/WhatsApp-Image-2025-08-22-at-19.25.39-500x500.jpeg\" class=\"attachment-thumbnail size-thumbnail wp-post-image\" alt=\"\" decoding=\"async\" loading=\"lazy\" style=\"\" \/><\/div><a class=\"wp-block-latest-posts__post-title\" href=\"https:\/\/esm-nqn.infd.edu.ar\/sitio\/experiencia-cotidiana-y-musical-de-una-persona-con-discapacidad-visual\/\">Experiencia cotidiana y musical de una persona con discapacidad visual<\/a><time datetime=\"2025-08-25T09:41:20-03:00\" class=\"wp-block-latest-posts__post-date\">25 agosto, 2025<\/time><div class=\"wp-block-latest-posts__post-excerpt\">Cecilia Zarate, m\u00fasica, corredora y ciega, nos brindar\u00e1 una charla de c\u00f3mo es su vida, cu\u00e1l es su trabajo, y varias experiencias laborales. El uso de tecnolog\u00edas con accesibilidad para personas ciegas, tanto a nivel educativo, recreativo y musical, habr\u00e1 un espacio para preguntas, las cuales pueden ser en el \u00e1mbito musical o personal de &#8230; <a title=\"Experiencia cotidiana y musical de una persona con discapacidad visual\" class=\"read-more\" href=\"https:\/\/esm-nqn.infd.edu.ar\/sitio\/experiencia-cotidiana-y-musical-de-una-persona-con-discapacidad-visual\/\" aria-label=\"More on Experiencia cotidiana y musical de una persona con discapacidad visual\">[+]<\/a><\/div><\/li>\n<li><div class=\"wp-block-latest-posts__featured-image\"><img width=\"500\" height=\"500\" src=\"https:\/\/esm-nqn.infd.edu.ar\/sitio\/wp-content\/uploads\/2025\/08\/WhatsApp-Image-2025-08-20-at-15.44.34-500x500.jpeg\" class=\"attachment-thumbnail size-thumbnail wp-post-image\" alt=\"\" decoding=\"async\" loading=\"lazy\" style=\"\" srcset=\"https:\/\/esm-nqn.infd.edu.ar\/sitio\/wp-content\/uploads\/2025\/08\/WhatsApp-Image-2025-08-20-at-15.44.34-500x500.jpeg 500w, https:\/\/esm-nqn.infd.edu.ar\/sitio\/wp-content\/uploads\/2025\/08\/WhatsApp-Image-2025-08-20-at-15.44.34-1000x1000.jpeg 1000w, https:\/\/esm-nqn.infd.edu.ar\/sitio\/wp-content\/uploads\/2025\/08\/WhatsApp-Image-2025-08-20-at-15.44.34-768x768.jpeg 768w, https:\/\/esm-nqn.infd.edu.ar\/sitio\/wp-content\/uploads\/2025\/08\/WhatsApp-Image-2025-08-20-at-15.44.34.jpeg 1080w\" sizes=\"(max-width: 500px) 100vw, 500px\" \/><\/div><a class=\"wp-block-latest-posts__post-title\" href=\"https:\/\/esm-nqn.infd.edu.ar\/sitio\/taller-experimental-de-lectura-y-escritura-sonora\/\">Taller experimental de lectura y escritura sonora<\/a><time datetime=\"2025-08-21T20:24:21-03:00\" class=\"wp-block-latest-posts__post-date\">21 agosto, 2025<\/time><div class=\"wp-block-latest-posts__post-excerpt\">Invitamos a docentes de m\u00fasica y lengua y literatura y estudiantes de m\u00fasica y lengua y literatura a participar de este espacio de formaci\u00f3n que tiene como objetivo reflexionar acerca de formas no convencionales de intervenir la poes\u00eda en articulaci\u00f3n con la m\u00fasica y acerca de la dimensi\u00f3n f\u00edsica de la lectura de poes\u00eda en &#8230; <a title=\"Taller experimental de lectura y escritura sonora\" class=\"read-more\" href=\"https:\/\/esm-nqn.infd.edu.ar\/sitio\/taller-experimental-de-lectura-y-escritura-sonora\/\" aria-label=\"More on Taller experimental de lectura y escritura sonora\">[+]<\/a><\/div><\/li>\n<\/ul>\n\n\n<div class=\"wp-block-buttons is-content-justification-center is-layout-flex wp-container-7\"><\/div>\n\n\n\n<div class=\"wp-block-media-text alignwide has-media-on-the-right is-stacked-on-mobile\"><div class=\"wp-block-media-text__content\">\n<p class=\"has-normal-font-size\">Nuestra escuela ofrece en la actualidad distintos trayectos formativos de nivel terciario aprobados y validados en la provincia por el Consejo Provincial de Educaci\u00f3n (CPE) y a nivel nacional por el Instituto Nacional de Formaci\u00f3n Docente (INFD).<\/p>\n<\/div><figure class=\"wp-block-media-text__media\"><a href=\"https:\/\/red.infd.edu.ar\/\"><img decoding=\"async\" loading=\"lazy\" width=\"570\" height=\"216\" src=\"https:\/\/esm-nqn.infd.edu.ar\/sitio\/wp-content\/uploads\/2022\/05\/infd.png\" alt=\"\" class=\"wp-image-3664 size-full\"\/><\/a><\/figure><\/div>\n\n\n","protected":false},"excerpt":{"rendered":"<p>Propuesta acad\u00e9mica Nuestra escuela ofrece en la actualidad distintos trayectos formativos de nivel terciario aprobados y validados en la provincia por el Consejo Provincial de Educaci\u00f3n (CPE) y a nivel nacional por el Instituto Nacional de Formaci\u00f3n Docente (INFD).<\/p>\n","protected":false},"author":393,"featured_media":0,"parent":286,"menu_order":1,"comment_status":"closed","ping_status":"closed","template":"","meta":[],"acf":[],"_links":{"self":[{"href":"https:\/\/esm-nqn.infd.edu.ar\/sitio\/wp-json\/wp\/v2\/pages\/2813"}],"collection":[{"href":"https:\/\/esm-nqn.infd.edu.ar\/sitio\/wp-json\/wp\/v2\/pages"}],"about":[{"href":"https:\/\/esm-nqn.infd.edu.ar\/sitio\/wp-json\/wp\/v2\/types\/page"}],"author":[{"embeddable":true,"href":"https:\/\/esm-nqn.infd.edu.ar\/sitio\/wp-json\/wp\/v2\/users\/393"}],"replies":[{"embeddable":true,"href":"https:\/\/esm-nqn.infd.edu.ar\/sitio\/wp-json\/wp\/v2\/comments?post=2813"}],"version-history":[{"count":96,"href":"https:\/\/esm-nqn.infd.edu.ar\/sitio\/wp-json\/wp\/v2\/pages\/2813\/revisions"}],"predecessor-version":[{"id":6635,"href":"https:\/\/esm-nqn.infd.edu.ar\/sitio\/wp-json\/wp\/v2\/pages\/2813\/revisions\/6635"}],"up":[{"embeddable":true,"href":"https:\/\/esm-nqn.infd.edu.ar\/sitio\/wp-json\/wp\/v2\/pages\/286"}],"wp:attachment":[{"href":"https:\/\/esm-nqn.infd.edu.ar\/sitio\/wp-json\/wp\/v2\/media?parent=2813"}],"curies":[{"name":"wp","href":"https:\/\/api.w.org\/{rel}","templated":true}]}}