{"id":286,"date":"2016-10-31T13:17:59","date_gmt":"2016-10-31T16:17:59","guid":{"rendered":"https:\/\/esm-nqn.infd.edu.ar\/sitio\/?page_id=286"},"modified":"2026-03-26T10:46:47","modified_gmt":"2026-03-26T13:46:47","slug":"inicio","status":"publish","type":"page","link":"https:\/\/esm-nqn.infd.edu.ar\/sitio\/","title":{"rendered":"Bienvenidos"},"content":{"rendered":"\n<h1 class=\"wp-block-heading\">\u00a1Bienvenides!<\/h1>\n\n\n\n<div class=\"wp-block-cover alignfull is-light\" style=\"min-height:375px\"><span aria-hidden=\"true\" class=\"wp-block-cover__background has-background-dim-0 has-background-dim\"><\/span><img decoding=\"async\" loading=\"lazy\" width=\"1280\" height=\"720\" class=\"wp-block-cover__image-background wp-image-2765\" alt=\"\" src=\"https:\/\/esm-nqn.infd.edu.ar\/sitio\/wp-content\/uploads\/2021\/08\/acuarela-verde-rotated.jpeg\" style=\"object-position:48% 32%\" data-object-fit=\"cover\" data-object-position=\"48% 32%\" srcset=\"https:\/\/esm-nqn.infd.edu.ar\/sitio\/wp-content\/uploads\/2021\/08\/acuarela-verde-rotated.jpeg 1280w, https:\/\/esm-nqn.infd.edu.ar\/sitio\/wp-content\/uploads\/2021\/08\/acuarela-verde-1000x563.jpeg 1000w, https:\/\/esm-nqn.infd.edu.ar\/sitio\/wp-content\/uploads\/2021\/08\/acuarela-verde-768x432.jpeg 768w\" sizes=\"(max-width: 1280px) 100vw, 1280px\" \/><div class=\"wp-block-cover__inner-container\">\n<p class=\"has-text-align-center has-large-font-size\">  <a href=\"#npropuesta\" data-type=\"internal\" data-id=\"#npropuesta\">   <img decoding=\"async\" loading=\"lazy\" width=\"204\" height=\"211\" title=\"Breve explicaci\u00f3n sobre todas las propuestas que brinda la instituci\u00f3n\" class=\"wp-image-3562\" style=\"width: 150px;\" src=\"https:\/\/esm-nqn.infd.edu.ar\/sitio\/wp-content\/uploads\/2022\/05\/NPropuesta.png\" alt=\"Nuestra Propuesta\"><\/a> <a href=\"https:\/\/esm-nqn.infd.edu.ar\/sitio\/inicio\/nines\/\" data-type=\"page\" data-id=\"2799\"><img decoding=\"async\" loading=\"lazy\" width=\"204\" height=\"209\" title=\"Formaci\u00f3n inicial musical para infancias en etapa escolar primaria\" class=\"wp-image-3782\" style=\"width: 150px;\" src=\"https:\/\/esm-nqn.infd.edu.ar\/sitio\/wp-content\/uploads\/2022\/05\/NNinnes.png\" alt=\"NNinnes\"><\/a> <a href=\"https:\/\/esm-nqn.infd.edu.ar\/sitio\/inicio\/orquestas-barrios\" data-type=\"page\" data-id=\"2802\"><img decoding=\"async\" loading=\"lazy\" width=\"204\" height=\"209\" title=\"Espacio de formaci\u00f3n musical no formal en formato de orquesta en sedes barriales\" class=\"wp-image-2791\" style=\"width: 150px;\" src=\"https:\/\/esm-nqn.infd.edu.ar\/sitio\/wp-content\/uploads\/2021\/08\/NOrquestas.png\" alt=\"Proyecto: Orquestas en los Barrios\"><\/a> <a href=\"https:\/\/esm-nqn.infd.edu.ar\/sitio\/inicio\/fobam\" data-type=\"URL\" data-id=\"https:\/\/esm-nqn.infd.edu.ar\/sitio\/inicio\/fobam\"><img decoding=\"async\" loading=\"lazy\" width=\"204\" height=\"212\" title=\"Formaci\u00f3n B\u00e1sica Musical a partir de los 13 a\u00f1os requisitos: 'primario terminado'\" class=\"wp-image-2789\" style=\"width: 150px;\" src=\"https:\/\/esm-nqn.infd.edu.ar\/sitio\/wp-content\/uploads\/2021\/08\/NFoBaM.png\" alt=\"FoBaM\"><\/a> <a href=\"https:\/\/esm-nqn.infd.edu.ar\/sitio\/inicio\/terciario\" data-type=\"page\"><img decoding=\"async\" loading=\"lazy\" width=\"204\" height=\"212\" title=\"El nivel ofrece carreras terciarias con validez nacional\" class=\"wp-image-2792\" style=\"width: 150px;\" src=\"https:\/\/esm-nqn.infd.edu.ar\/sitio\/wp-content\/uploads\/2021\/08\/NTerciario.png\" alt=\"Nivel Terciario\"><\/a>  <\/p>\n<\/div><\/div>\n\n\n\n<div class=\"wp-block-group alignfull is-vertical is-content-justification-center is-layout-flex wp-container-2\">\n<div class=\"wp-block-buttons is-content-justification-center is-layout-flex wp-container-1\"><\/div>\n<\/div>\n\n\n\n<div class=\"wp-block-buttons is-content-justification-center is-layout-flex wp-container-3\"><\/div>\n\n\n\n<h3 class=\"wp-block-heading\">Novedades<\/h3>\n\n\n\n<p><\/p>\n\n\n<ul class=\"wp-block-latest-posts__list is-grid columns-3 has-dates wp-block-latest-posts\"><li><div class=\"wp-block-latest-posts__featured-image\"><img width=\"500\" height=\"500\" src=\"https:\/\/esm-nqn.infd.edu.ar\/sitio\/wp-content\/uploads\/2026\/04\/Educar-es-el-acto-mas-revolucionario-porque-forma-a-quienes-pueden-transformar-el-mundo-1-500x500.png\" class=\"attachment-thumbnail size-thumbnail wp-post-image\" alt=\"\" decoding=\"async\" loading=\"lazy\" style=\"\" \/><\/div><a class=\"wp-block-latest-posts__post-title\" href=\"https:\/\/esm-nqn.infd.edu.ar\/sitio\/feliz-dia-profes\/\">Feliz d\u00eda Profes!!!<\/a><time datetime=\"2026-04-16T23:46:25-03:00\" class=\"wp-block-latest-posts__post-date\">16 abril, 2026<\/time><div class=\"wp-block-latest-posts__post-excerpt\">Les deseamos un muy feliz d\u00eda a todxs lxs Profes de Neuqu\u00e9n y les recordamos que el viernes 17 de abril no hay clases por asueto.<\/div><\/li>\n<li><div class=\"wp-block-latest-posts__featured-image\"><img width=\"500\" height=\"500\" src=\"https:\/\/esm-nqn.infd.edu.ar\/sitio\/wp-content\/uploads\/2026\/03\/Copia-de-NINES-1-1-500x500.png\" class=\"attachment-thumbnail size-thumbnail wp-post-image\" alt=\"\" decoding=\"async\" loading=\"lazy\" style=\"\" srcset=\"https:\/\/esm-nqn.infd.edu.ar\/sitio\/wp-content\/uploads\/2026\/03\/Copia-de-NINES-1-1-500x500.png 500w, https:\/\/esm-nqn.infd.edu.ar\/sitio\/wp-content\/uploads\/2026\/03\/Copia-de-NINES-1-1-1000x1000.png 1000w, https:\/\/esm-nqn.infd.edu.ar\/sitio\/wp-content\/uploads\/2026\/03\/Copia-de-NINES-1-1-768x768.png 768w, https:\/\/esm-nqn.infd.edu.ar\/sitio\/wp-content\/uploads\/2026\/03\/Copia-de-NINES-1-1.png 1080w\" sizes=\"(max-width: 500px) 100vw, 500px\" \/><\/div><a class=\"wp-block-latest-posts__post-title\" href=\"https:\/\/esm-nqn.infd.edu.ar\/sitio\/6658-2\/\">(sin t\u00edtulo)<\/a><time datetime=\"2026-03-26T10:50:52-03:00\" class=\"wp-block-latest-posts__post-date\">26 marzo, 2026<\/time><div class=\"wp-block-latest-posts__post-excerpt\">Atenci\u00f3n!!! Hay lugares para nivel ni\u00f1os\/as que tengan entre 8 y 10 a\u00f1os para los siguientes instrumentos OBOE- FLAUTA DULCE- FLAUTA TRAVERSA Y CELLO.Si te interesa ac\u00e9rcate a la preceptor\u00eda de 14 a 17:30.Les esperamos<\/div><\/li>\n<li><div class=\"wp-block-latest-posts__featured-image\"><img width=\"500\" height=\"500\" src=\"https:\/\/esm-nqn.infd.edu.ar\/sitio\/wp-content\/uploads\/2025\/09\/WhatsApp-Image-2025-09-19-at-11.52.59-500x500.jpeg\" class=\"attachment-thumbnail size-thumbnail wp-post-image\" alt=\"\" decoding=\"async\" loading=\"lazy\" style=\"\" srcset=\"https:\/\/esm-nqn.infd.edu.ar\/sitio\/wp-content\/uploads\/2025\/09\/WhatsApp-Image-2025-09-19-at-11.52.59-500x500.jpeg 500w, https:\/\/esm-nqn.infd.edu.ar\/sitio\/wp-content\/uploads\/2025\/09\/WhatsApp-Image-2025-09-19-at-11.52.59-1000x1000.jpeg 1000w, https:\/\/esm-nqn.infd.edu.ar\/sitio\/wp-content\/uploads\/2025\/09\/WhatsApp-Image-2025-09-19-at-11.52.59-768x768.jpeg 768w, https:\/\/esm-nqn.infd.edu.ar\/sitio\/wp-content\/uploads\/2025\/09\/WhatsApp-Image-2025-09-19-at-11.52.59.jpeg 1080w\" sizes=\"(max-width: 500px) 100vw, 500px\" \/><\/div><a class=\"wp-block-latest-posts__post-title\" href=\"https:\/\/esm-nqn.infd.edu.ar\/sitio\/clinica-taller\/\">CL\u00cdNICA\/TALLER<\/a><time datetime=\"2025-09-25T10:58:24-03:00\" class=\"wp-block-latest-posts__post-date\">25 septiembre, 2025<\/time><div class=\"wp-block-latest-posts__post-excerpt\">Queremos compartir con la comunidad educativa de la ESMN que el pasado 23 de agosto de este a\u00f1o hemos llevado adelante la actividad&nbsp;Encuentro Regional de Talleristas de M\u00fasica, que consisti\u00f3 en la realizaci\u00f3n de una jornada de encuentro y &#8230; <a title=\"CL\u00cdNICA\/TALLER\" class=\"read-more\" href=\"https:\/\/esm-nqn.infd.edu.ar\/sitio\/clinica-taller\/\" aria-label=\"More on CL\u00cdNICA\/TALLER\">[+]<\/a><\/div><\/li>\n<\/ul>\n\n\n<div class=\"wp-block-buttons is-content-justification-center is-layout-flex wp-container-4\">\n<div class=\"wp-block-button has-custom-width wp-block-button__width-25 has-custom-font-size has-small-font-size\"><a class=\"wp-block-button__link wp-element-button\" href=\"https:\/\/esm-nqn.infd.edu.ar\/sitio\/inicio\/blog\/\" style=\"border-radius:3px\">todas las novedades<\/a><\/div>\n<\/div>\n\n\n\n<h3 class=\"wp-block-heading\" id=\"npropuesta\">Nuestra Propuesta<\/h3>\n\n\n\n<p><\/p>\n<div style=\"position: relative; width: 100%; height: 0; padding-top: 75.0000%; padding-bottom: 0; box-shadow: 0 2px 8px 0 rgba(63,69,81,0.16); margin-top: 1.6em; margin-bottom: 0.9em; overflow: hidden; border-radius: 8px; will-change: transform;\"><iframe style=\"position: absolute; width: 100%; height: 100%; top: 0; left: 0; border: none; padding: 0; margin: 0;\" src=\"https:\/\/www.canva.com\/design\/DAFUp3d_UWY\/view?embed\" allowfullscreen=\"allowfullscreen\"><br \/>\n  <\/iframe><\/div>\n<p><a href=\"https:\/\/www.canva.com\/design\/DAFUp3d_UWY\/view?utm_content=DAFUp3d_UWY&amp;utm_campaign=designshare&amp;utm_medium=embeds&amp;utm_source=link\" target=\"_blank\" rel=\"noopener\"><\/a><\/p>\n\n\n\n<div class=\"wp-block-columns is-layout-flex wp-container-6\">\n<div class=\"wp-block-column is-layout-flow\" style=\"flex-basis:100%\">\n<p><\/p>\n<\/div>\n<\/div>\n","protected":false},"excerpt":{"rendered":"<p>\u00a1Bienvenides! Novedades Nuestra Propuesta<\/p>\n","protected":false},"author":393,"featured_media":0,"parent":0,"menu_order":0,"comment_status":"closed","ping_status":"closed","template":"","meta":[],"acf":[],"_links":{"self":[{"href":"https:\/\/esm-nqn.infd.edu.ar\/sitio\/wp-json\/wp\/v2\/pages\/286"}],"collection":[{"href":"https:\/\/esm-nqn.infd.edu.ar\/sitio\/wp-json\/wp\/v2\/pages"}],"about":[{"href":"https:\/\/esm-nqn.infd.edu.ar\/sitio\/wp-json\/wp\/v2\/types\/page"}],"author":[{"embeddable":true,"href":"https:\/\/esm-nqn.infd.edu.ar\/sitio\/wp-json\/wp\/v2\/users\/393"}],"replies":[{"embeddable":true,"href":"https:\/\/esm-nqn.infd.edu.ar\/sitio\/wp-json\/wp\/v2\/comments?post=286"}],"version-history":[{"count":329,"href":"https:\/\/esm-nqn.infd.edu.ar\/sitio\/wp-json\/wp\/v2\/pages\/286\/revisions"}],"predecessor-version":[{"id":6657,"href":"https:\/\/esm-nqn.infd.edu.ar\/sitio\/wp-json\/wp\/v2\/pages\/286\/revisions\/6657"}],"wp:attachment":[{"href":"https:\/\/esm-nqn.infd.edu.ar\/sitio\/wp-json\/wp\/v2\/media?parent=286"}],"curies":[{"name":"wp","href":"https:\/\/api.w.org\/{rel}","templated":true}]}}