{"id":5146,"date":"2023-10-26T11:32:24","date_gmt":"2023-10-26T14:32:24","guid":{"rendered":"https:\/\/esm-nqn.infd.edu.ar\/sitio\/?page_id=5146"},"modified":"2026-02-10T11:17:16","modified_gmt":"2026-02-10T14:17:16","slug":"mesas-de-examen","status":"publish","type":"page","link":"https:\/\/esm-nqn.infd.edu.ar\/sitio\/mesas-de-examen\/","title":{"rendered":""},"content":{"rendered":"\n<p class=\"has-accent-color has-text-color\" style=\"font-size:33px\">\u00abCada logro comienza con la decisi\u00f3n de intentarlo\u00bb Gail Devers<\/p>\n\n\n\n<p class=\"has-text-align-center has-background has-x-large-font-size\" style=\"background:radial-gradient(rgb(255,203,112) 16%,rgb(199,81,192) 56%,rgb(65,88,208) 72%)\">Mesas de examen FEBRERO&nbsp;<\/p>\n\n\n\n<p class=\"has-medium-font-size\">De acuerdo al calendario acad\u00e9mico:<\/p>\n\n\n\n<p class=\"has-medium-font-size\">La recepci\u00f3n de pedido ser\u00e1 desde el d\u00eda 11 al 13\/2<\/p>\n\n\n\n<p class=\"has-medium-font-size\">Fecha de mesas de examen <\/p>\n\n\n\n<p class=\"has-medium-font-size\">Primer llamado: 23 al 26\/2<\/p>\n\n\n\n<p class=\"has-medium-font-size\">Segundo llamado: 2 al 5\/3<\/p>\n\n\n\n<p class=\"has-medium-font-size\">Se solicita que si luego de completar el formulario deciden no presentarse a rendir, avisen por favor a bedel\u00eda y a sus profes, lo antes posible.<\/p>\n\n\n\n<p><\/p>\n\n\n\n<div class=\"wp-block-columns is-layout-flex wp-container-4\">\n<div class=\"wp-block-column is-layout-flow\" style=\"flex-basis:100%\">\n<div class=\"wp-block-group is-vertical is-content-justification-stretch is-layout-flex wp-container-2\">\n<div class=\"wp-block-buttons is-content-justification-center is-layout-flex wp-container-1\">\n<div class=\"wp-block-button has-custom-width wp-block-button__width-75 has-custom-font-size is-style-fill has-medium-font-size\"><a class=\"wp-block-button__link has-background has-text-align-center wp-element-button\" href=\"https:\/\/docs.google.com\/forms\/d\/e\/1FAIpQLScgIbsmawmJYHhigpM1vUDz4JRAULIF5eLuZ_41hP4ru6ElEQ\/viewform?usp=sharing&amp;ouid=106834900758129775623\" style=\"background:linear-gradient(135deg,rgb(6,147,227) 0%,rgb(155,81,224) 56%)\" target=\"_blank\" rel=\"noreferrer noopener\"> <strong>FORMULARIO DE INSCRIPCI\u00d3N <\/strong>Febrero<\/a><\/div>\n<\/div>\n<\/div>\n<\/div>\n<\/div>\n\n\n\n<div class=\"wp-block-buttons alignwide is-content-justification-center is-layout-flex wp-container-5\">\n<div class=\"wp-block-button has-custom-width wp-block-button__width-25 has-custom-font-size has-medium-font-size\"><a class=\"wp-block-button__link has-background wp-element-button\" href=\"https:\/\/docs.google.com\/spreadsheets\/d\/1g36gJHMykC0rH4MsvVMpKC94Sh8LzAljNl6xIno87S4\/edit?userstoinvite=mjdisanzo%40gmail.com&amp;sharingaction=manageaccess&amp;role=writer&amp;gid=572622660#gid=572622660\" style=\"background:linear-gradient(135deg,rgb(6,147,227) 0%,rgb(155,81,224) 53%)\" target=\"_blank\" rel=\"noreferrer noopener\"><strong>CRONOGRAMA<\/strong>       Febrero<\/a><\/div>\n\n\n\n<div class=\"wp-block-button has-custom-width wp-block-button__width-25 has-custom-font-size is-style-fill has-medium-font-size\" style=\"font-style:normal;font-weight:600\"><a class=\"wp-block-button__link has-background has-text-align-center wp-element-button\" href=\"https:\/\/docs.google.com\/spreadsheets\/d\/16sS-TeSR7VIYhcDCHgMyCpqQ8vQOuolWf4VCAuNcIYw\/edit?gid=0#gid=0\" style=\"border-radius:28px;background:linear-gradient(135deg,rgb(6,147,227) 0%,rgb(155,81,224) 53%)\" target=\"_blank\" rel=\"noreferrer noopener\">CLASES DE CONSULTA<\/a><\/div>\n<\/div>\n\n\n\n<p class=\"has-text-align-left has-medium-font-size\"><br><\/p>\n\n\n\n<div style=\"position: relative; width: 100%; height: 0; padding-top: 100.0000%;\n padding-bottom: 0; box-shadow: 0 2px 8px 0 rgba(63,69,81,0.16); margin-top: 1.6em; margin-bottom: 0.9em; overflow: hidden;\n border-radius: 8px; will-change: transform;\">\n  <iframe loading=\"lazy\" style=\"position: absolute; width: 100%; height: 100%; top: 0; left: 0; border: none; padding: 0;margin: 0;\"\n    src=\"https:\/\/www.canva.com\/design\/DAGj9BfLSGc\/wQsnGg-Vn2VPxxITmmyMVw\/view?embed\" allowfullscreen=\"allowfullscreen\" allow=\"fullscreen\">\n  <\/iframe>\n<\/div>\n<a href=\"https:&#x2F;&#x2F;www.canva.com&#x2F;design&#x2F;DAGj9BfLSGc&#x2F;wQsnGg-Vn2VPxxITmmyMVw&#x2F;view?utm_content=DAGj9BfLSGc&amp;utm_campaign=designshare&amp;utm_medium=embeds&amp;utm_source=link\" target=\"_blank\" rel=\"noopener\"><\/a>\n\n\n\n<div style=\"position: relative; width: 100%; height: 0; padding-top: 100.0000%;\n padding-bottom: 0; box-shadow: 0 2px 8px 0 rgba(63,69,81,0.16); margin-top: 1.6em; margin-bottom: 0.9em; overflow: hidden;\n border-radius: 8px; will-change: transform;\">\n  <iframe loading=\"lazy\" style=\"position: absolute; width: 100%; height: 100%; top: 0; left: 0; border: none; padding: 0;margin: 0;\"\n    src=\"https:\/\/www.canva.com\/design\/DAGj9qeaPpA\/y5seWX2aWtzyaE1qZfcOFA\/view?embed\" allowfullscreen=\"allowfullscreen\" allow=\"fullscreen\">\n  <\/iframe>\n<\/div>\n<a href=\"https:&#x2F;&#x2F;www.canva.com&#x2F;design&#x2F;DAGj9qeaPpA&#x2F;y5seWX2aWtzyaE1qZfcOFA&#x2F;view?utm_content=DAGj9qeaPpA&amp;utm_campaign=designshare&amp;utm_medium=embeds&amp;utm_source=link\" target=\"_blank\" rel=\"noopener\"><\/a>\n","protected":false},"excerpt":{"rendered":"<p>\u00abCada logro comienza con la decisi\u00f3n de intentarlo\u00bb Gail Devers Mesas de examen FEBRERO&nbsp; De acuerdo al calendario acad\u00e9mico: La recepci\u00f3n de pedido ser\u00e1 desde el d\u00eda 11 al 13\/2 Fecha de mesas de examen Primer llamado: 23 al 26\/2 Segundo llamado: 2 al 5\/3 Se solicita que si luego de completar el formulario deciden &#8230; <a title=\"\" class=\"read-more\" href=\"https:\/\/esm-nqn.infd.edu.ar\/sitio\/mesas-de-examen\/\" aria-label=\"More on \">[+]<\/a><\/p>\n","protected":false},"author":1956,"featured_media":0,"parent":0,"menu_order":0,"comment_status":"closed","ping_status":"closed","template":"","meta":[],"acf":[],"_links":{"self":[{"href":"https:\/\/esm-nqn.infd.edu.ar\/sitio\/wp-json\/wp\/v2\/pages\/5146"}],"collection":[{"href":"https:\/\/esm-nqn.infd.edu.ar\/sitio\/wp-json\/wp\/v2\/pages"}],"about":[{"href":"https:\/\/esm-nqn.infd.edu.ar\/sitio\/wp-json\/wp\/v2\/types\/page"}],"author":[{"embeddable":true,"href":"https:\/\/esm-nqn.infd.edu.ar\/sitio\/wp-json\/wp\/v2\/users\/1956"}],"replies":[{"embeddable":true,"href":"https:\/\/esm-nqn.infd.edu.ar\/sitio\/wp-json\/wp\/v2\/comments?post=5146"}],"version-history":[{"count":27,"href":"https:\/\/esm-nqn.infd.edu.ar\/sitio\/wp-json\/wp\/v2\/pages\/5146\/revisions"}],"predecessor-version":[{"id":6596,"href":"https:\/\/esm-nqn.infd.edu.ar\/sitio\/wp-json\/wp\/v2\/pages\/5146\/revisions\/6596"}],"wp:attachment":[{"href":"https:\/\/esm-nqn.infd.edu.ar\/sitio\/wp-json\/wp\/v2\/media?parent=5146"}],"curies":[{"name":"wp","href":"https:\/\/api.w.org\/{rel}","templated":true}]}}