{"id":6050,"date":"2024-12-06T13:51:57","date_gmt":"2024-12-06T16:51:57","guid":{"rendered":"https:\/\/esm-nqn.infd.edu.ar\/sitio\/?page_id=6050"},"modified":"2024-12-06T13:52:25","modified_gmt":"2024-12-06T16:52:25","slug":"preinscripcion-a-la-carrera-de-tecnico-en-sonido","status":"publish","type":"page","link":"https:\/\/esm-nqn.infd.edu.ar\/sitio\/preinscripcion-a-la-carrera-de-tecnico-en-sonido\/","title":{"rendered":"Preinscripci\u00f3n a la carrera de T\u00e9cnico en Sonido"},"content":{"rendered":"\n<figure class=\"wp-block-image size-full\"><img decoding=\"async\" loading=\"lazy\" width=\"1080\" height=\"1080\" src=\"https:\/\/esm-nqn.infd.edu.ar\/sitio\/wp-content\/uploads\/2024\/12\/Pre-inscripcion.png\" alt=\"\" class=\"wp-image-6051\" srcset=\"https:\/\/esm-nqn.infd.edu.ar\/sitio\/wp-content\/uploads\/2024\/12\/Pre-inscripcion.png 1080w, https:\/\/esm-nqn.infd.edu.ar\/sitio\/wp-content\/uploads\/2024\/12\/Pre-inscripcion-1000x1000.png 1000w, https:\/\/esm-nqn.infd.edu.ar\/sitio\/wp-content\/uploads\/2024\/12\/Pre-inscripcion-500x500.png 500w, https:\/\/esm-nqn.infd.edu.ar\/sitio\/wp-content\/uploads\/2024\/12\/Pre-inscripcion-768x768.png 768w\" sizes=\"(max-width: 1080px) 100vw, 1080px\" \/><\/figure>\n\n\n\n<p>Desde la Escuela Superior de M\u00fasica de Neuqu\u00e9n informamos que desde el lunes 9 de diciembre a las 9:00 hs hasta el viernes 13 a las 22hs. se encontrar\u00e1 abierta la preinscripci\u00f3n a la carrera de&nbsp;<strong>T\u00e9cnico en Sonido<\/strong>&nbsp;a comenzar en 2025. <br>Esta preinscripci\u00f3n es obligatoria para la inscripci\u00f3n a las materias a realizarse en febrero, as\u00ed como tambi\u00e9n en febrero deber\u00e1 cumplimentarse la documentaci\u00f3n solicitada por la instituci\u00f3n, la cual ser\u00e1&nbsp;informada a los pre inscriptos.<br>A su vez queremos informar que los cursados ser\u00e1n&nbsp;en el turno ma\u00f1ana.<br>Adjuntamos link del formulario de preinscripci\u00f3n, plan de estudios y horarios (pueden sufrir alguna modificaci\u00f3n).<br>El link de preinscripci\u00f3n estar\u00e1 inhabilitado hasta el lunes 9 a las 9 hs.<br><br>Saludos cordiales,<br>Coordinaci\u00f3n Tecnicatura en Sonido<br>Escuela Superior de M\u00fasica Neuquen.<\/p>\n\n\n\n<p><a rel=\"noreferrer noopener\" href=\"https:\/\/esm-nqn.infd.edu.ar\/aula\/location.cgi?esMicrositio=no&amp;id_curso=412&amp;nueva=si&amp;wid_archivo=7273&amp;wseccion=03\" target=\"_blank\">Horarios de Cursada (pueden ser modificados)<\/a><\/p>\n\n\n\n<p><a rel=\"noreferrer noopener\" href=\"https:\/\/esm-nqn.infd.edu.ar\/aula\/location.cgi?esMicrositio=no&amp;id_curso=412&amp;nueva=si&amp;wid_archivo=7272&amp;wseccion=03\" target=\"_blank\">Plan de Estudio<\/a><br><br>Link Formulario:<\/p>\n\n\n\n<p><a rel=\"noreferrer noopener\" href=\"https:\/\/docs.google.com\/forms\/d\/1vYd3h3aAWBDhIe2A-ZDFP1-KbIpRK9iGXg1dKLmFx6s\/preview\" target=\"_blank\">Pre Inscripci\u00f3n Tecnicatura Superior en Sonido (Plan 708) &#8211; Escuela Superior de M\u00fasica Neuqu\u00e9n<\/a><\/p>\n","protected":false},"excerpt":{"rendered":"<p>Desde la Escuela Superior de M\u00fasica de Neuqu\u00e9n informamos que desde el lunes 9 de diciembre a las 9:00 hs hasta el viernes 13 a las 22hs. se encontrar\u00e1 abierta la preinscripci\u00f3n a la carrera de&nbsp;T\u00e9cnico en Sonido&nbsp;a comenzar en 2025. Esta preinscripci\u00f3n es obligatoria para la inscripci\u00f3n a las materias a realizarse en febrero, &#8230; <a title=\"Preinscripci\u00f3n a la carrera de T\u00e9cnico en Sonido\" class=\"read-more\" href=\"https:\/\/esm-nqn.infd.edu.ar\/sitio\/preinscripcion-a-la-carrera-de-tecnico-en-sonido\/\" aria-label=\"More on Preinscripci\u00f3n a la carrera de T\u00e9cnico en Sonido\">[+]<\/a><\/p>\n","protected":false},"author":1956,"featured_media":0,"parent":0,"menu_order":0,"comment_status":"closed","ping_status":"closed","template":"","meta":[],"acf":[],"_links":{"self":[{"href":"https:\/\/esm-nqn.infd.edu.ar\/sitio\/wp-json\/wp\/v2\/pages\/6050"}],"collection":[{"href":"https:\/\/esm-nqn.infd.edu.ar\/sitio\/wp-json\/wp\/v2\/pages"}],"about":[{"href":"https:\/\/esm-nqn.infd.edu.ar\/sitio\/wp-json\/wp\/v2\/types\/page"}],"author":[{"embeddable":true,"href":"https:\/\/esm-nqn.infd.edu.ar\/sitio\/wp-json\/wp\/v2\/users\/1956"}],"replies":[{"embeddable":true,"href":"https:\/\/esm-nqn.infd.edu.ar\/sitio\/wp-json\/wp\/v2\/comments?post=6050"}],"version-history":[{"count":2,"href":"https:\/\/esm-nqn.infd.edu.ar\/sitio\/wp-json\/wp\/v2\/pages\/6050\/revisions"}],"predecessor-version":[{"id":6053,"href":"https:\/\/esm-nqn.infd.edu.ar\/sitio\/wp-json\/wp\/v2\/pages\/6050\/revisions\/6053"}],"wp:attachment":[{"href":"https:\/\/esm-nqn.infd.edu.ar\/sitio\/wp-json\/wp\/v2\/media?parent=6050"}],"curies":[{"name":"wp","href":"https:\/\/api.w.org\/{rel}","templated":true}]}}