{"id":796,"date":"2018-08-31T12:49:42","date_gmt":"2018-08-31T15:49:42","guid":{"rendered":"https:\/\/esm-nqn.infd.edu.ar\/sitio\/historia\/"},"modified":"2019-06-19T10:49:45","modified_gmt":"2019-06-19T13:49:45","slug":"historia","status":"publish","type":"page","link":"https:\/\/esm-nqn.infd.edu.ar\/sitio\/historia\/","title":{"rendered":"Historia"},"content":{"rendered":"<div style=\"visibility: visible; width: 460px; margin: auto;\">\n<p><span style=\"color: #003366; font-size: 12pt;\"><img decoding=\"async\" loading=\"lazy\" class=\"alignnone size-medium wp-image-710\" src=\"https:\/\/esm-nqn.infd.edu.ar\/sitio\/wp-content\/uploads\/2018\/08\/P723001-1000x843.jpg\" alt=\"\" width=\"1000\" height=\"843\" srcset=\"https:\/\/esm-nqn.infd.edu.ar\/sitio\/wp-content\/uploads\/2018\/08\/P723001-1000x843.jpg 1000w, https:\/\/esm-nqn.infd.edu.ar\/sitio\/wp-content\/uploads\/2018\/08\/P723001-768x647.jpg 768w, https:\/\/esm-nqn.infd.edu.ar\/sitio\/wp-content\/uploads\/2018\/08\/P723001-1900x1601.jpg 1900w, https:\/\/esm-nqn.infd.edu.ar\/sitio\/wp-content\/uploads\/2018\/08\/P723001.jpg 2022w\" sizes=\"(max-width: 1000px) 100vw, 1000px\" \/><\/span><\/p>\n<div style=\"visibility: visible; width: 460px; margin: auto;\"><span style=\"color: #003366; font-size: 12pt;\">La Escuela Superior de M\u00fasica se cre\u00f3 a partir de su escisi\u00f3n del\u00a0 Departamento de M\u00fasica de la Escuela de Bellas Artes. La Profesora Isa L\u00f3pez de Montiveros -jefa de dicho Departamento- impuls\u00f3 la creaci\u00f3n de una escuela dedicada espec\u00edficamente a la m\u00fasica.<\/span><\/div>\n<p><span style=\"font-size: 12pt; color: #003366;\">La historia de la Escuela Superior de M\u00fasica est\u00e1 muy ligada a la Profesora Isa L\u00f3pez de Montiveros. En 1968, junto a su esposo, deciden migrar desde Santa Fe a Neuqu\u00e9n para radicarse y buscar trabajo.<\/span><\/p>\n<p><span style=\"font-size: 12pt; color: #003366;\">Ella, Profesora de M\u00fasica especialidad Piano, egresada de la Universidad de Santa Fe, ingresa como jefa del Departamento de M\u00fasica en la Escuela de Bellas Artes en el Teatro Conrado Villegas. Le encomiendan reestructurar y organizar dicho espacio. Esta reestructuraci\u00f3n modific\u00f3 gran parte de los cursados de los talleres de m\u00fasica cuesti\u00f3n que devino en la oposici\u00f3n de ciertos compa\u00f1eros.<\/span><\/p>\n<p><span style=\"font-size: 12pt; color: #003366;\">No muy convencida de querer seguir trabajando, en el receso invernal, rev\u00e9e la idea de regresar a Santa Fe y as\u00ed lo expresa en el Consejo de Educaci\u00f3n. La Sra Mar\u00eda Teresa Balero le propone tome su licencia invernal y que vuelva, en cuyo interin\u00a0 ver\u00e1 que cambios se pueden realizar.<\/span><\/p>\n<p><span style=\"font-size: 12pt; color: #003366;\">A su vuelta se encuentra con novedades importantes ya que se logr\u00f3 la escisi\u00f3n de la Escuela de Bellas Artes y se impulsa la creaci\u00f3n de una Escuela Provincial de M\u00fasica.<\/span><\/p>\n<p><span style=\"font-size: 12pt; color: #003366;\">En el a\u00f1o 1968 se efectuaron las gestiones necesarias\u00a0 y a trav\u00e9s del decreto N\u00ba 127\/68, se\u00a0 dio comienzo a las actividades de la Escuela Provincial de M\u00fasica del Neuqu\u00e9n, en\u00a0 una casa alquilada en la calle San Mart\u00edn y Diagonal Alvear. Esta escuela fue la primera en su especialidad en la\u00a0 Patagonia.<\/span><\/p>\n<p><span style=\"font-size: 12pt; color: #003366;\">Si bien las condiciones edilicias no eran las mejores, hab\u00eda mucho para organizar y muchos sue\u00f1os por cumplir.<\/span><\/p>\n<p><span style=\"font-size: 12pt; color: #003366;\">Se realiza el traslado del\u00a0 mobiliario af\u00edn a la m\u00fasica (pianos, guitarras, pizarrones -con pentagramas hechos por don Emilio Saracco-), los\u00a0 50 alumnos que ya asist\u00edan a la Escuela de Bellas Artes y alrededor de 8 docentes y la secretaria.<\/span><\/p>\n<p><span style=\"font-size: 12pt; color: #003366;\">El personal inicial estuvo formado por la directora: Profesora Isa L\u00f3pez de Montiveros, los profesores: Ofelia Blanco de Parrilli (Piano), Pedro Azcurra (Guitarra), Elsa Figueredo (Piano), Julia Blasco, Rolando Funes (Guitarra), Marta Manzur y Sara Uguet, la secretaria: Elena Solana, la regente: Profesora Livia Barth, y las preceptoras: Cristina D&#8217;Onofrio y Mercedes Molins.<\/span><\/p>\n<p><span style=\"font-size: 12pt; color: #003366;\">En su primera etapa, la escuela\u00a0estuvo dedicada,\u00a0casi exclusivamente,\u00a0a los ni\u00f1os. Los alumnos que cursaban no recib\u00edan t\u00edtulo alguno porque estudiaban m\u00fasica a modo de taller.<\/span><\/p>\n<\/div>\n","protected":false},"excerpt":{"rendered":"<p>La Escuela Superior de M\u00fasica se cre\u00f3 a partir de su escisi\u00f3n del\u00a0 Departamento de M\u00fasica de la Escuela de Bellas Artes. La Profesora Isa L\u00f3pez de Montiveros -jefa de dicho Departamento- impuls\u00f3 la creaci\u00f3n de una escuela dedicada espec\u00edficamente a la m\u00fasica. La historia de la Escuela Superior de M\u00fasica est\u00e1 muy ligada a &#8230; <a title=\"Historia\" class=\"read-more\" href=\"https:\/\/esm-nqn.infd.edu.ar\/sitio\/historia\/\" aria-label=\"More on Historia\">[+]<\/a><\/p>\n","protected":false},"author":176,"featured_media":0,"parent":0,"menu_order":0,"comment_status":"closed","ping_status":"closed","template":"","meta":[],"acf":[],"_links":{"self":[{"href":"https:\/\/esm-nqn.infd.edu.ar\/sitio\/wp-json\/wp\/v2\/pages\/796"}],"collection":[{"href":"https:\/\/esm-nqn.infd.edu.ar\/sitio\/wp-json\/wp\/v2\/pages"}],"about":[{"href":"https:\/\/esm-nqn.infd.edu.ar\/sitio\/wp-json\/wp\/v2\/types\/page"}],"author":[{"embeddable":true,"href":"https:\/\/esm-nqn.infd.edu.ar\/sitio\/wp-json\/wp\/v2\/users\/176"}],"replies":[{"embeddable":true,"href":"https:\/\/esm-nqn.infd.edu.ar\/sitio\/wp-json\/wp\/v2\/comments?post=796"}],"version-history":[{"count":1,"href":"https:\/\/esm-nqn.infd.edu.ar\/sitio\/wp-json\/wp\/v2\/pages\/796\/revisions"}],"predecessor-version":[{"id":1115,"href":"https:\/\/esm-nqn.infd.edu.ar\/sitio\/wp-json\/wp\/v2\/pages\/796\/revisions\/1115"}],"wp:attachment":[{"href":"https:\/\/esm-nqn.infd.edu.ar\/sitio\/wp-json\/wp\/v2\/media?parent=796"}],"curies":[{"name":"wp","href":"https:\/\/api.w.org\/{rel}","templated":true}]}}