{"id":802,"date":"2018-08-31T12:49:44","date_gmt":"2018-08-31T15:49:44","guid":{"rendered":"https:\/\/esm-nqn.infd.edu.ar\/sitio\/ciclo-facilitador-para-ingreso-al-profesorado-de-educacion-musical\/"},"modified":"2026-03-27T10:44:06","modified_gmt":"2026-03-27T13:44:06","slug":"ciclo-facilitador-para-ingreso-al-profesorado-de-educacion-musical","status":"publish","type":"page","link":"https:\/\/esm-nqn.infd.edu.ar\/sitio\/inicio\/terciario\/ciclo-facilitador-para-ingreso-al-profesorado-de-educacion-musical\/","title":{"rendered":"PreGrado"},"content":{"rendered":"\n<p class=\"has-text-align-center has-background has-x-large-font-size\" style=\"background:radial-gradient(rgb(202,248,128) 54%,rgb(113,206,126) 100%)\"><em><strong>Inicio de clases <\/strong><\/em><br><em><strong>Lunes 30 de Marzo<\/strong><\/em><\/p>\n\n\n\n<p class=\"has-medium-font-size\">Nivel proped\u00e9utico de acreditaci\u00f3n obligatoria previo al ingreso a todos los Profesorados de nivel terciario. 1 a\u00f1o de duraci\u00f3n. Se puede cursar paralelamente al \u00faltimo a\u00f1o del secundario.<\/p>\n\n\n\n<figure class=\"wp-block-image size-large\"><img decoding=\"async\" loading=\"lazy\" width=\"1900\" height=\"1343\" src=\"https:\/\/esm-nqn.infd.edu.ar\/sitio\/wp-content\/uploads\/2025\/12\/PreGrado-2026.pdf-1900x1343.png\" alt=\"\" class=\"wp-image-6587\" srcset=\"https:\/\/esm-nqn.infd.edu.ar\/sitio\/wp-content\/uploads\/2025\/12\/PreGrado-2026.pdf-1900x1343.png 1900w, https:\/\/esm-nqn.infd.edu.ar\/sitio\/wp-content\/uploads\/2025\/12\/PreGrado-2026.pdf-1000x707.png 1000w, https:\/\/esm-nqn.infd.edu.ar\/sitio\/wp-content\/uploads\/2025\/12\/PreGrado-2026.pdf-768x543.png 768w, https:\/\/esm-nqn.infd.edu.ar\/sitio\/wp-content\/uploads\/2025\/12\/PreGrado-2026.pdf-1536x1086.png 1536w, https:\/\/esm-nqn.infd.edu.ar\/sitio\/wp-content\/uploads\/2025\/12\/PreGrado-2026.pdf.png 2000w\" sizes=\"(max-width: 1900px) 100vw, 1900px\" \/><\/figure>\n\n\n\n<figure class=\"wp-block-image size-large\"><img decoding=\"async\" loading=\"lazy\" width=\"1900\" height=\"1343\" src=\"https:\/\/esm-nqn.infd.edu.ar\/sitio\/wp-content\/uploads\/2025\/12\/PreGrado-2026.pdf-1-1900x1343.png\" alt=\"\" class=\"wp-image-6588\" srcset=\"https:\/\/esm-nqn.infd.edu.ar\/sitio\/wp-content\/uploads\/2025\/12\/PreGrado-2026.pdf-1-1900x1343.png 1900w, https:\/\/esm-nqn.infd.edu.ar\/sitio\/wp-content\/uploads\/2025\/12\/PreGrado-2026.pdf-1-1000x707.png 1000w, https:\/\/esm-nqn.infd.edu.ar\/sitio\/wp-content\/uploads\/2025\/12\/PreGrado-2026.pdf-1-768x543.png 768w, https:\/\/esm-nqn.infd.edu.ar\/sitio\/wp-content\/uploads\/2025\/12\/PreGrado-2026.pdf-1-1536x1086.png 1536w, https:\/\/esm-nqn.infd.edu.ar\/sitio\/wp-content\/uploads\/2025\/12\/PreGrado-2026.pdf-1.png 2000w\" sizes=\"(max-width: 1900px) 100vw, 1900px\" \/><\/figure>\n\n\n\n<figure class=\"wp-block-image size-large\"><img decoding=\"async\" loading=\"lazy\" width=\"1900\" height=\"1343\" src=\"https:\/\/esm-nqn.infd.edu.ar\/sitio\/wp-content\/uploads\/2025\/12\/PreGrado-2026.pdf-2-1900x1343.png\" alt=\"\" class=\"wp-image-6589\" srcset=\"https:\/\/esm-nqn.infd.edu.ar\/sitio\/wp-content\/uploads\/2025\/12\/PreGrado-2026.pdf-2-1900x1343.png 1900w, https:\/\/esm-nqn.infd.edu.ar\/sitio\/wp-content\/uploads\/2025\/12\/PreGrado-2026.pdf-2-1000x707.png 1000w, https:\/\/esm-nqn.infd.edu.ar\/sitio\/wp-content\/uploads\/2025\/12\/PreGrado-2026.pdf-2-768x543.png 768w, https:\/\/esm-nqn.infd.edu.ar\/sitio\/wp-content\/uploads\/2025\/12\/PreGrado-2026.pdf-2-1536x1086.png 1536w, https:\/\/esm-nqn.infd.edu.ar\/sitio\/wp-content\/uploads\/2025\/12\/PreGrado-2026.pdf-2.png 2000w\" sizes=\"(max-width: 1900px) 100vw, 1900px\" \/><\/figure>\n\n\n\n<p>Consultas:&nbsp;<a href=\"mailto:esmn.pregrado@gmail.com\">esmn.pregrado@gmail.com<\/a><\/p>\n","protected":false},"excerpt":{"rendered":"<p>Inicio de clases Lunes 30 de Marzo Nivel proped\u00e9utico de acreditaci\u00f3n obligatoria previo al ingreso a todos los Profesorados de nivel terciario. 1 a\u00f1o de duraci\u00f3n. Se puede cursar paralelamente al \u00faltimo a\u00f1o del secundario. Consultas:&nbsp;esmn.pregrado@gmail.com<\/p>\n","protected":false},"author":176,"featured_media":0,"parent":2813,"menu_order":2,"comment_status":"closed","ping_status":"closed","template":"","meta":[],"acf":[],"_links":{"self":[{"href":"https:\/\/esm-nqn.infd.edu.ar\/sitio\/wp-json\/wp\/v2\/pages\/802"}],"collection":[{"href":"https:\/\/esm-nqn.infd.edu.ar\/sitio\/wp-json\/wp\/v2\/pages"}],"about":[{"href":"https:\/\/esm-nqn.infd.edu.ar\/sitio\/wp-json\/wp\/v2\/types\/page"}],"author":[{"embeddable":true,"href":"https:\/\/esm-nqn.infd.edu.ar\/sitio\/wp-json\/wp\/v2\/users\/176"}],"replies":[{"embeddable":true,"href":"https:\/\/esm-nqn.infd.edu.ar\/sitio\/wp-json\/wp\/v2\/comments?post=802"}],"version-history":[{"count":117,"href":"https:\/\/esm-nqn.infd.edu.ar\/sitio\/wp-json\/wp\/v2\/pages\/802\/revisions"}],"predecessor-version":[{"id":6663,"href":"https:\/\/esm-nqn.infd.edu.ar\/sitio\/wp-json\/wp\/v2\/pages\/802\/revisions\/6663"}],"up":[{"embeddable":true,"href":"https:\/\/esm-nqn.infd.edu.ar\/sitio\/wp-json\/wp\/v2\/pages\/2813"}],"wp:attachment":[{"href":"https:\/\/esm-nqn.infd.edu.ar\/sitio\/wp-json\/wp\/v2\/media?parent=802"}],"curies":[{"name":"wp","href":"https:\/\/api.w.org\/{rel}","templated":true}]}}