{"id":818,"date":"2018-08-31T12:49:50","date_gmt":"2018-08-31T15:49:50","guid":{"rendered":"https:\/\/esm-nqn.infd.edu.ar\/sitio\/plan-666-profesorado-de-musica-con-orientacion-en-composicion\/"},"modified":"2019-03-17T22:43:16","modified_gmt":"2019-03-18T01:43:16","slug":"plan-666-profesorado-de-musica-con-orientacion-en-composicion","status":"publish","type":"page","link":"https:\/\/esm-nqn.infd.edu.ar\/sitio\/plan-666-profesorado-de-musica-con-orientacion-en-composicion\/","title":{"rendered":"Plan 666 Profesorado de m\u00fasica con orientaci\u00f3n en composici\u00f2n"},"content":{"rendered":"<p>Link <a title=\"Examen de ingreso\" href=\"index.cgi?wid_seccion=17&amp;wid_item=65\">Examen de ingreso al Profesorado de composici\u00f2n o Especialidad Compositor<\/a><\/p>\n<p>La organizaci\u00f3n curricular del profesorado de m\u00fasica orientado en composici\u00f3n es la siguiente:<\/p>\n<p>Para Compositor no se cursan las Pedag\u00f2gicas<\/p>\n<table style=\"width: 504px; height: 1387px;\" border=\"0\">\n<tbody>\n<tr>\n<td style=\"text-align: center; width: 496px;\" colspan=\"2\"><span style=\"font-family: 'arial black', 'avant garde'; font-size: 12pt; color: #000080;\">PRIMER A\u00d1O<\/span><\/td>\n<\/tr>\n<tr>\n<td style=\"width: 457px;\"><span style=\"font-family: 'arial black', 'avant garde'; font-size: 10pt;\">1\u00b0 cuatrimestre<\/span><\/td>\n<td style=\"width: 39px;\"><\/td>\n<\/tr>\n<tr>\n<td style=\"width: 457px;\">Psicolog\u00eda General<\/td>\n<td style=\"width: 39px;\">4 hs<\/td>\n<\/tr>\n<tr>\n<td style=\"width: 457px;\">Pedagog\u00eda General<\/td>\n<td style=\"width: 39px;\">4 hs<\/td>\n<\/tr>\n<tr>\n<td style=\"width: 457px;\"><span style=\"font-family: 'arial black', 'avant garde'; font-size: 10pt;\">ANUAL<\/span><\/td>\n<td style=\"width: 39px;\"><\/td>\n<\/tr>\n<tr>\n<td style=\"width: 457px;\">Proyectos de Composici\u00f3n I<\/td>\n<td style=\"width: 39px;\">\u00a03hs<\/td>\n<\/tr>\n<tr>\n<td style=\"width: 457px;\">Elementos de An\u00e1lisis Musical I<\/td>\n<td style=\"width: 39px;\">\u00a04hs<\/td>\n<\/tr>\n<tr>\n<td style=\"width: 457px;\">Orquestaci\u00f3n I<\/td>\n<td style=\"width: 39px;\">\u00a02hs<\/td>\n<\/tr>\n<tr>\n<td style=\"width: 457px;\">Instrumento Arm\u00f3nico I (Piano o Guitarra)<\/td>\n<td style=\"width: 39px;\">\u00a01 h<\/td>\n<\/tr>\n<tr>\n<td style=\"width: 457px;\">Educaci\u00f3n Vocal<\/td>\n<td style=\"width: 39px;\">\u00a02hs<\/td>\n<\/tr>\n<tr>\n<td style=\"width: 457px;\">Expresi\u00f3n Corporal<\/td>\n<td style=\"width: 39px;\">\u00a02hs<\/td>\n<\/tr>\n<tr>\n<td style=\"width: 457px;\">Inform\u00e1tica y Nuevos Medios I<\/td>\n<td style=\"width: 39px;\">\u00a03hs<\/td>\n<\/tr>\n<tr>\n<td style=\"width: 457px;\">Did\u00e1ctica General<\/td>\n<td style=\"width: 39px;\">\u00a03hs<\/td>\n<\/tr>\n<tr>\n<td style=\"width: 457px;\">Taller de Lectura, escritura y oralidad<\/td>\n<td style=\"width: 39px;\">\u00a03hs<\/td>\n<\/tr>\n<tr>\n<td style=\"width: 457px;\">Taller de Pr\u00e1ctica Instit. y Construc. de la Id.Profesional<\/td>\n<td style=\"width: 39px;\">\u00a02hs<\/td>\n<\/tr>\n<tr>\n<td style=\"text-align: center; width: 457px;\"><span style=\"font-family: 'arial black', 'avant garde'; font-size: 12pt; color: #000080;\">SEGUNDO A\u00d1O<\/span><\/td>\n<td style=\"width: 39px;\"><\/td>\n<\/tr>\n<tr>\n<td style=\"width: 457px;\"><span style=\"font-family: 'arial black', 'avant garde'; font-size: 10pt;\">1\u00b0cuatrimestre<\/span><\/td>\n<td style=\"width: 39px;\"><\/td>\n<\/tr>\n<tr>\n<td style=\"width: 457px;\">Sujeto del Aprendizaje II<\/td>\n<td style=\"width: 39px;\">3 hs<\/td>\n<\/tr>\n<tr>\n<td style=\"width: 457px;\">Did\u00e1ctica de la M\u00fasica para Nivel Inicial<\/td>\n<td style=\"width: 39px;\">4 hs<\/td>\n<\/tr>\n<tr>\n<td style=\"width: 457px;\"><span style=\"font-family: 'arial black', 'avant garde'; font-size: 10pt;\">ANUAL<\/span><\/td>\n<td style=\"width: 39px;\"><\/td>\n<\/tr>\n<tr>\n<td style=\"width: 457px;\">Proyectos de Composici\u00f3n II<\/td>\n<td style=\"width: 39px;\">\u00a03hs<\/td>\n<\/tr>\n<tr>\n<td style=\"width: 457px;\">Elementos de An\u00e1lisis Musical II<\/td>\n<td style=\"width: 39px;\">\u00a04hs<\/td>\n<\/tr>\n<tr>\n<td style=\"width: 457px;\">Orquestaci\u00f3n II<\/td>\n<td style=\"width: 39px;\">\u00a02hs<\/td>\n<\/tr>\n<tr>\n<td style=\"width: 457px;\">Instrumento Arm\u00f3nico II (Piano o Guitarra)<\/td>\n<td style=\"width: 39px;\">\u00a0 1h<\/td>\n<\/tr>\n<tr>\n<td style=\"width: 457px;\">Canto I 1h<\/td>\n<td style=\"width: 39px;\"><\/td>\n<\/tr>\n<tr>\n<td style=\"width: 457px;\"><span style=\"font-family: 'arial black', 'avant garde'; font-size: 10pt;\">2\u00ba CUATRIMESTRE<\/span><\/td>\n<td style=\"width: 39px;\"><\/td>\n<\/tr>\n<tr>\n<td style=\"width: 457px;\">Sujeto del Aprendizaje I<\/td>\n<td style=\"width: 39px;\">\u00a03hs<\/td>\n<\/tr>\n<tr>\n<td style=\"width: 457px;\">Historia Argentina Contempor\u00e1nea<\/td>\n<td style=\"width: 39px;\">\u00a04hs<\/td>\n<\/tr>\n<tr>\n<td style=\"width: 457px;\">Ac\u00fastica y Organolog\u00eda<\/td>\n<td style=\"width: 39px;\">\u00a03hs<\/td>\n<\/tr>\n<tr>\n<td style=\"text-align: center; width: 457px;\"><span style=\"font-family: 'arial black', 'avant garde'; font-size: 12pt; color: #000080;\">TERCER A\u00d1O<\/span><\/td>\n<td style=\"width: 39px;\"><\/td>\n<\/tr>\n<tr>\n<td style=\"width: 457px;\"><span style=\"font-family: 'arial black', 'avant garde'; font-size: 10pt;\">1\u00b0 cuatrimestre<\/span><\/td>\n<td style=\"width: 39px;\"><\/td>\n<\/tr>\n<tr>\n<td style=\"width: 457px;\">Instituciones Educativas<\/td>\n<td style=\"width: 39px;\">\u00a03hs<\/td>\n<\/tr>\n<tr>\n<td style=\"width: 457px;\">Did\u00e1ctica de la M\u00fasica para Nivel Medio<\/td>\n<td style=\"width: 39px;\">\u00a03hs<\/td>\n<\/tr>\n<tr>\n<td style=\"width: 457px;\">Praxis y Elem.T\u00e9cn.en la M\u00fasica Pop-I (Latinoamericana)<\/td>\n<td style=\"width: 39px;\">\u00a03hs<\/td>\n<\/tr>\n<tr>\n<td style=\"width: 457px;\"><span style=\"font-family: 'arial black', 'avant garde'; font-size: 10pt;\">ANUAL<\/span><\/td>\n<td style=\"width: 39px;\"><\/td>\n<\/tr>\n<tr>\n<td style=\"width: 457px;\">Proyectos de Composici\u00f3n III<\/td>\n<td style=\"width: 39px;\">\u00a03hs<\/td>\n<\/tr>\n<tr>\n<td style=\"width: 457px;\">Elementos de An\u00e1lisis Musical III<\/td>\n<td style=\"width: 39px;\">\u00a04hs<\/td>\n<\/tr>\n<tr>\n<td style=\"width: 457px;\">Orquestaci\u00f3n III<\/td>\n<td style=\"width: 39px;\">\u00a02hs<\/td>\n<\/tr>\n<tr>\n<td style=\"width: 457px;\">Instrumento Arm\u00f3nico III (Piano o Guitarra)<\/td>\n<td style=\"width: 39px;\">\u00a01 h<\/td>\n<\/tr>\n<tr>\n<td style=\"width: 457px;\">Did\u00e1ctica especializada: Composici\u00f3n(especialidad)<\/td>\n<td style=\"width: 39px;\">\u00a02hs<\/td>\n<\/tr>\n<tr>\n<td style=\"width: 457px;\">Composici\u00f3n con Medios Electroac\u00fasticos I<\/td>\n<td style=\"width: 39px;\">\u00a02hs<\/td>\n<\/tr>\n<tr>\n<td style=\"width: 457px;\">Historia de la M\u00fasica II<\/td>\n<td style=\"width: 39px;\">\u00a03hs<\/td>\n<\/tr>\n<tr>\n<td style=\"width: 457px;\">Taller de Pr\u00e1ct.Docente y Construc.de la Id.Profesional II<\/td>\n<td style=\"width: 39px;\">\u00a04hs<\/td>\n<\/tr>\n<tr>\n<td style=\"width: 457px;\">Instrumento Arm\u00f3nico Popular complementario II (Piano o Guitarra)<\/td>\n<td style=\"width: 39px;\">\u00a0 1h<\/td>\n<\/tr>\n<tr>\n<td style=\"width: 457px;\">Direcci\u00f3n Coral I<\/td>\n<td style=\"width: 39px;\">\u00a0 2hs<\/td>\n<\/tr>\n<tr>\n<td style=\"width: 457px;\">Canto II<\/td>\n<td style=\"width: 39px;\">\u00a0 1hs<\/td>\n<\/tr>\n<tr>\n<td style=\"width: 457px;\"><span style=\"font-family: 'arial black', 'avant garde'; font-size: 10pt;\">2\u00ba CUATRIMESTRE<\/span><\/td>\n<td style=\"width: 39px;\"><\/td>\n<\/tr>\n<tr>\n<td style=\"width: 457px;\">Sociolog\u00eda de la Educaci\u00f3n<\/td>\n<td style=\"width: 39px;\">\u00a03hs<\/td>\n<\/tr>\n<tr>\n<td style=\"width: 457px;\">Ensamble con Orientaci\u00f3n Popular I(Latinoamericana)<\/td>\n<td style=\"width: 39px;\">\u00a03hs<\/td>\n<\/tr>\n<tr>\n<td style=\"width: 457px;\">T\u00e9cnicas y Recursos contempor\u00e1neos (composici\u00f3n)<\/td>\n<td style=\"width: 39px;\">\u00a03hs<\/td>\n<\/tr>\n<tr>\n<td style=\"text-align: center; width: 457px;\"><span style=\"font-family: 'arial black', 'avant garde'; font-size: 12pt; color: #000080;\">CUARTO A\u00d1O<\/span><\/td>\n<td style=\"width: 39px;\"><\/td>\n<\/tr>\n<tr>\n<td style=\"width: 457px;\">1\u00b0 cuatrimestre<\/td>\n<td style=\"width: 39px;\"><\/td>\n<\/tr>\n<tr>\n<td style=\"width: 457px;\">Filosof\u00eda de la Educaci\u00f3n<\/td>\n<td style=\"width: 39px;\">\u00a04hs<\/td>\n<\/tr>\n<tr>\n<td style=\"width: 457px;\">Residencia en Nivel Inicial Primario y medio<\/td>\n<td style=\"width: 39px;\">\u00a08hs<\/td>\n<\/tr>\n<tr>\n<td style=\"width: 457px;\">Praxis y elementos t\u00e9cnicos en la M\u00fasica Popular II (Tango\/Rock)<\/td>\n<td style=\"width: 39px;\">\u00a03hs<\/td>\n<\/tr>\n<tr>\n<td style=\"width: 457px;\">ANUAL<\/td>\n<td style=\"width: 39px;\"><\/td>\n<\/tr>\n<tr>\n<td style=\"width: 457px;\">Proyectos de Composici\u00f3n IV<\/td>\n<td style=\"width: 39px;\">\u00a03hs<\/td>\n<\/tr>\n<tr>\n<td style=\"width: 457px;\">Composici\u00f3n con Medios Electroac\u00fasticos II<\/td>\n<td style=\"width: 39px;\">\u00a02hs<\/td>\n<\/tr>\n<tr>\n<td style=\"width: 457px;\">Taller de Producci\u00f3n y Org.de Eventos Art\u00edsticos<\/td>\n<td style=\"width: 39px;\">\u00a02hs<\/td>\n<\/tr>\n<tr>\n<td style=\"width: 457px;\">T\u00e9cnicas de improvisaci\u00f3n musical<\/td>\n<td style=\"width: 39px;\">\u00a02hs<\/td>\n<\/tr>\n<tr>\n<td style=\"width: 457px;\">Residencia en Escuela de M\u00fasica<\/td>\n<td style=\"width: 39px;\">\u00a04hs<\/td>\n<\/tr>\n<\/tbody>\n<\/table>\n","protected":false},"excerpt":{"rendered":"<p>Link Examen de ingreso al Profesorado de composici\u00f2n o Especialidad Compositor La organizaci\u00f3n curricular del profesorado de m\u00fasica orientado en composici\u00f3n es la siguiente: Para Compositor no se cursan las Pedag\u00f2gicas PRIMER A\u00d1O 1\u00b0 cuatrimestre Psicolog\u00eda General 4 hs Pedagog\u00eda General 4 hs ANUAL Proyectos de Composici\u00f3n I \u00a03hs Elementos de An\u00e1lisis Musical I \u00a04hs &#8230; <a title=\"Plan 666 Profesorado de m\u00fasica con orientaci\u00f3n en composici\u00f2n\" class=\"read-more\" href=\"https:\/\/esm-nqn.infd.edu.ar\/sitio\/plan-666-profesorado-de-musica-con-orientacion-en-composicion\/\" aria-label=\"More on Plan 666 Profesorado de m\u00fasica con orientaci\u00f3n en composici\u00f2n\">[+]<\/a><\/p>\n","protected":false},"author":176,"featured_media":0,"parent":0,"menu_order":0,"comment_status":"closed","ping_status":"closed","template":"","meta":[],"acf":[],"_links":{"self":[{"href":"https:\/\/esm-nqn.infd.edu.ar\/sitio\/wp-json\/wp\/v2\/pages\/818"}],"collection":[{"href":"https:\/\/esm-nqn.infd.edu.ar\/sitio\/wp-json\/wp\/v2\/pages"}],"about":[{"href":"https:\/\/esm-nqn.infd.edu.ar\/sitio\/wp-json\/wp\/v2\/types\/page"}],"author":[{"embeddable":true,"href":"https:\/\/esm-nqn.infd.edu.ar\/sitio\/wp-json\/wp\/v2\/users\/176"}],"replies":[{"embeddable":true,"href":"https:\/\/esm-nqn.infd.edu.ar\/sitio\/wp-json\/wp\/v2\/comments?post=818"}],"version-history":[{"count":1,"href":"https:\/\/esm-nqn.infd.edu.ar\/sitio\/wp-json\/wp\/v2\/pages\/818\/revisions"}],"predecessor-version":[{"id":1026,"href":"https:\/\/esm-nqn.infd.edu.ar\/sitio\/wp-json\/wp\/v2\/pages\/818\/revisions\/1026"}],"wp:attachment":[{"href":"https:\/\/esm-nqn.infd.edu.ar\/sitio\/wp-json\/wp\/v2\/media?parent=818"}],"curies":[{"name":"wp","href":"https:\/\/api.w.org\/{rel}","templated":true}]}}