{"id":843,"date":"2018-08-31T12:49:58","date_gmt":"2018-08-31T15:49:58","guid":{"rendered":"https:\/\/esm-nqn.infd.edu.ar\/sitio\/caracteristica-de-los-ensambles\/"},"modified":"2022-04-23T12:20:28","modified_gmt":"2022-04-23T15:20:28","slug":"caracteristica-de-los-ensambles","status":"publish","type":"page","link":"https:\/\/esm-nqn.infd.edu.ar\/sitio\/caracteristica-de-los-ensambles\/","title":{"rendered":"Caracter\u00edstica de los ensambles"},"content":{"rendered":"\n<p><span style=\"background-color: #ffffff; font-size: 12pt;\"><strong>Ensambles de la Escuela Superior de M\u00fasica: Jefatura de dpto. Gerardo \u201cMono\u201d Le\u00f3n<\/strong><\/span><\/p>\n\n\n\n<p><span style=\"background-color: #ffffff; font-size: 12pt;\"><strong>Video :&nbsp;<\/strong><\/span><span id=\"eow-title\" class=\"watch-title\" dir=\"ltr\" style=\"font-size: 12pt;\" title=\"ENSAMBLE - Documental de la Escuela Superior de M\u00fasica de Neuqu\u00e9n ESMN\">ENSAMBLE &#8211; Documental de la Escuela Superior de M\u00fasica de Neuqu\u00e9n ESMN<\/span><\/p>\n\n\n\n<figure class=\"wp-block-embed is-type-video is-provider-youtube wp-block-embed-youtube wp-embed-aspect-16-9 wp-has-aspect-ratio\"><div class=\"wp-block-embed__wrapper\">\n<iframe loading=\"lazy\" title=\"ENSAMBLE - Documental de la Escuela Superior de M\u00fasica de Neuqu\u00e9n ESMN\" width=\"1200\" height=\"675\" src=\"https:\/\/www.youtube.com\/embed\/dSYiuOc8jS8?feature=oembed\" frameborder=\"0\" allow=\"accelerometer; autoplay; clipboard-write; encrypted-media; gyroscope; picture-in-picture\" allowfullscreen><\/iframe>\n<\/div><\/figure>\n\n\n\n<p><span style=\"background-color: #ffff00; font-size: 12pt;\"><strong>Ensambles de nivel ni\u00f1os<\/strong><\/span><\/p>\n\n\n\n<p><span style=\"background-color: #ffff00;\"><strong><strong>Coro de Ni\u00f1os&nbsp;&#8211; <span style=\"background-color: #ffffff;\">Dir Israel Matamala<\/span><\/strong><span style=\"background-color: #ffffff;\">&nbsp;<\/span><\/strong><span style=\"background-color: #ffffff;\">Miercoles y viernes 18hs. El&nbsp;coro es abierto a la comunidad y se trabaja un repertorio cl\u00e1sico, popular e infantil.<\/span><\/span><\/p>\n\n\n\n<p><span style=\"background-color: #ffff00;\"><strong><span style=\"background-color: #ffffff;\"><span style=\"background-color: #ffff00;\"><strong>Flauta Traversa Ni\u00f1os<\/strong><\/span>&#8211;<\/span><span style=\"background-color: #ffffff;\">Dir.Prof Cecilia D\u00edaz<\/span><\/strong><span style=\"background-color: #ffffff;\">&nbsp;Jueves de 15hs&nbsp;Abierto a la comunidad, es necesario tener conocimientos del instrumento. Se trabaja el m\u00e8todo Suzuki&nbsp;<\/span><\/span><\/p>\n\n\n\n<p><strong><span style=\"background-color: #ffff00;\">Violines Ni\u00f1os&nbsp;&#8211;<\/span> Dir.Prof. Hilda<\/strong>&nbsp;<strong>Maestre<\/strong>&nbsp;Martes 18 hs. Abierto a la comunidad, es necesario tener conocimientos del instrumento. Se trabaja el m\u00e8todo Suzuki&nbsp;<\/p>\n\n\n\n<p><strong><span style=\"background-color: #ffff00;\">Violonchelo<\/span><span style=\"background-color: #ffff00;\">&nbsp;Ni\u00f1os<\/span>\u2013&nbsp;Dir.Prof Lorena Giuliani<\/strong>&nbsp;Martes 18hs.&nbsp;Abierto a la comunidad, es necesario tener conocimientos del instrumento. Se trabaja el m\u00e8todo Suzuki&nbsp;<\/p>\n\n\n\n<p><span style=\"background-color: #ffff00; font-size: 12pt;\"><strong>Ensambles de nivel fobam<\/strong><\/span><\/p>\n\n\n\n<p><span style=\"background-color: #ffffff;\"><span style=\"background-color: #ffff00;\"><strong>Big Band<\/strong> &#8211;<\/span> <strong>Dir. Prof Osvaldo Lichtenzveig<\/strong>, Martes 18 hs \u2013 Aborda las est\u00e9ticas del jazz cantado y el instrumental, en todas sus posibilidades, swing, blues, latin, etc, donde siempre participan m\u00fasicos y directores invitados.<\/span><\/p>\n\n\n\n<p>adj de piano Mauricio Lusardi<\/p>\n\n\n\n<p>adj de bater\u00eda Fabian Gallina<\/p>\n\n\n\n<p>adj de guitarra Gerado Leon<\/p>\n\n\n\n<p>adj de trombones Mariano Gonzalez<\/p>\n\n\n\n<p>adj de maderas Pablo Zermoglio<\/p>\n\n\n\n<p><strong><span style=\"background-color: #ffff00;\">Blues Rock-Jazz<\/span>&#8211; Dir.Pablo Ordo\u00f1ez-<\/strong> Es el formato m\u00e1s parecido a una formaci\u00f3n tradicional de rock o blues (bata, bajo, piano o tecla saxo y 2 guitarras, con voces mixtas)<\/p>\n\n\n\n<p>adj piano MauricioLusardi-<\/p>\n\n\n\n<p>adj de bateria&nbsp;&nbsp; Nicolas Coronado<\/p>\n\n\n\n<p>adj de guitarra Gerardp Leon<\/p>\n\n\n\n<p>adj de bajo Ezequiel Nicolas<\/p>\n\n\n\n<p>adj&nbsp; de vientos Francisco Franco<\/p>\n\n\n\n<p>adj de canto Graciela Terbay.<\/p>\n\n\n\n<p><strong><span style=\"background-color: #ffff00;\">Bronces<\/span> &#8211; Mariano Gonzalez<\/strong><\/p>\n\n\n\n<p><strong><span style=\"background-color: #ffff00;\">Coro folkl\u00f3rico<\/span> -Dir.Sergio Melo<\/strong> &#8211;&nbsp; M\u00fasica popular folkl\u00f3rica argentina.<\/p>\n\n\n\n<p><span style=\"background-color: #ffff00;\"><strong>Coro Negro Espiritual<\/strong> <\/span>&#8211;<strong>Dir.Israel Matamala<\/strong>&nbsp;&nbsp; M\u00fasica tradicional americana religiosa.<\/p>\n\n\n\n<p><span style=\"background-color: #ffff00;\"><strong>Flautas Dulces<\/strong> <\/span><strong>-Dir.Prof Solange Garcia<\/strong> Lun 18.45 hs &#8211;&nbsp;<\/p>\n\n\n\n<p><span style=\"background-color: #ffff00;\"><strong>Flautas Traversas<\/strong> <\/span>&#8211;<strong>Dir.Prof. Florencia Ferenza<\/strong> Vie 18.45hs<\/p>\n\n\n\n<p><strong><span style=\"background-color: #ffff00;\">Guitarra<\/span> <\/strong>\u2013<strong>Dir.Fabi\u00e1n Henr\u00edquez<\/strong> viernes 13.30 hs<\/p>\n\n\n\n<p><span style=\"background-color: #ffff00;\"><strong>M\u00fasica Contemporanea<\/strong> <\/span><strong>\u2013Dir.Prof Gustavo Davico<\/strong> jueves 18hs Esc.125 \u2013<\/p>\n\n\n\n<p><strong><span style=\"background-color: #ffff00;\">Orquesta Acad\u00e9mica Sinf\u00f2nica<\/span> &#8211; Dir Tolcachir<\/strong> Mierc 18 hs (esc 125)&nbsp;<\/p>\n\n\n\n<p><strong><span style=\"background-color: #ffff00;\">Percusi\u00f3n<\/span> &#8211; Dir.Fabi\u00e1n Gallina<\/strong> Martes 21.30 hs&nbsp;<\/p>\n\n\n\n<p><strong><span style=\"background-color: #ffff00;\">Repertorio Folkl\u00f3rico<\/span> &#8211; Dir.Fabi\u00e1n Henr\u00edquez y Magdalena Zapiola <\/strong>Jueves 18 hs Musica argentina arreglada para este ensamble, guayno, zamba, chacarera, carnavalitos, gato, etc, m\u00e1s de 15 instrumentos poni\u00e9ndole color a nuestra m\u00fasica.<\/p>\n\n\n\n<p>adj piano G.Ochoa<\/p>\n\n\n\n<p>adj percu F.Gallina<\/p>\n\n\n\n<p>adj bandone\u00f3n N.Malbo-<\/p>\n\n\n\n<p>adj guitarra&nbsp; R Barbaro-<\/p>\n\n\n\n<p><strong><span style=\"background-color: #ffff00;\">Saxos&nbsp;<\/span> \u2013 Dir.Fabio Balbarrey<\/strong> Lunes 21hs&nbsp; Familias de saxos, para hacer un repertorio muy amplio con arreglos seleccionados por el coordinador, abordando varios g\u00e9neros.<\/p>\n\n\n\n<p><strong><span style=\"background-color: #ffff00;\">Tango-<\/span> Dir.Enrique Nicol\u00e1s<\/strong> Mierc 20.15 hs<\/p>\n\n\n\n<p>adj bajo E.Nicolas<\/p>\n\n\n\n<p>adj bandone\u00f3n N.Malbos<\/p>\n\n\n\n<p>adj guitarra G.Leon-<\/p>\n\n\n\n<p>adj piano M.Lusardi.<\/p>\n\n\n\n<p><strong><span style=\"background-color: #ffff00;\">Trombones<\/span>&nbsp; Dir. Sebastian Romero<\/strong><\/p>\n\n\n\n<p><strong><span style=\"background-color: #ffff00;\">Vientos&nbsp;&nbsp;<\/span> Dir.Pablo Zermoglio<\/strong>. Repertorio folkl\u00f3rico.<\/p>\n","protected":false},"excerpt":{"rendered":"<p>Ensambles de la Escuela Superior de M\u00fasica: Jefatura de dpto. Gerardo \u201cMono\u201d Le\u00f3n Video :&nbsp;ENSAMBLE &#8211; Documental de la Escuela Superior de M\u00fasica de Neuqu\u00e9n ESMN Ensambles de nivel ni\u00f1os Coro de Ni\u00f1os&nbsp;&#8211; Dir Israel Matamala&nbsp;Miercoles y viernes 18hs. El&nbsp;coro es abierto a la comunidad y se trabaja un repertorio cl\u00e1sico, popular e infantil. Flauta &#8230; <a title=\"Caracter\u00edstica de los ensambles\" class=\"read-more\" href=\"https:\/\/esm-nqn.infd.edu.ar\/sitio\/caracteristica-de-los-ensambles\/\" aria-label=\"More on Caracter\u00edstica de los ensambles\">[+]<\/a><\/p>\n","protected":false},"author":176,"featured_media":0,"parent":0,"menu_order":0,"comment_status":"closed","ping_status":"closed","template":"","meta":[],"acf":[],"_links":{"self":[{"href":"https:\/\/esm-nqn.infd.edu.ar\/sitio\/wp-json\/wp\/v2\/pages\/843"}],"collection":[{"href":"https:\/\/esm-nqn.infd.edu.ar\/sitio\/wp-json\/wp\/v2\/pages"}],"about":[{"href":"https:\/\/esm-nqn.infd.edu.ar\/sitio\/wp-json\/wp\/v2\/types\/page"}],"author":[{"embeddable":true,"href":"https:\/\/esm-nqn.infd.edu.ar\/sitio\/wp-json\/wp\/v2\/users\/176"}],"replies":[{"embeddable":true,"href":"https:\/\/esm-nqn.infd.edu.ar\/sitio\/wp-json\/wp\/v2\/comments?post=843"}],"version-history":[{"count":1,"href":"https:\/\/esm-nqn.infd.edu.ar\/sitio\/wp-json\/wp\/v2\/pages\/843\/revisions"}],"predecessor-version":[{"id":3456,"href":"https:\/\/esm-nqn.infd.edu.ar\/sitio\/wp-json\/wp\/v2\/pages\/843\/revisions\/3456"}],"wp:attachment":[{"href":"https:\/\/esm-nqn.infd.edu.ar\/sitio\/wp-json\/wp\/v2\/media?parent=843"}],"curies":[{"name":"wp","href":"https:\/\/api.w.org\/{rel}","templated":true}]}}