{"id":855,"date":"2018-08-31T12:50:02","date_gmt":"2018-08-31T15:50:02","guid":{"rendered":"https:\/\/esm-nqn.infd.edu.ar\/sitio\/programa-de-examen-profesorado-de-musica-con-orientacion-en-instrumento-guitarra\/"},"modified":"2019-08-15T17:11:17","modified_gmt":"2019-08-15T20:11:17","slug":"programa-de-examen-profesorado-de-musica-con-orientacion-en-instrumento-guitarra","status":"publish","type":"page","link":"https:\/\/esm-nqn.infd.edu.ar\/sitio\/programa-de-examen-profesorado-de-musica-con-orientacion-en-instrumento-guitarra\/","title":{"rendered":"Programa de examen PROFESORADO DE M\u00daSICA\/ESPECIALIDAD con orientaci\u00f3n en GUITARRA"},"content":{"rendered":"<div class=\"titulo_seccion\">\n<p>Programa de examen PROFESORADO DE M\u00daSICA CON ORIENTACI\u00d3N EN INSTRUMENTO GUITARRA<\/p>\n<div id=\"contenido_sitio\">\n<p>Se rinde Guitarra y audioperceptiva<br \/>\nGUITARRA<\/p>\n<p>Material sugerido de orden t\u00e9cnico:<\/p>\n<p>Abel Carlevaro. Cuaderno N\u00b01<br \/>\nCuaderno N\u00b02<br \/>\nCuaderno N\u00b03<br \/>\nCuaderno N\u00b04<br \/>\nJorge Mart\u00ednez Z\u00e1rate: Mi segundo Libro de Guitarra. Mario Rodr\u00edguez Arenas: Libro VI<br \/>\nLibro VII<\/p>\n<p>Obras de Repertorio (sugeridas)<br \/>\nRenacimiento:<br \/>\n&#8211; John Dowland: Gallandas: del Rey de Dinamarca.<br \/>\n&#8211; Luis de Narv\u00e1ez: Canci\u00f3n del Emperador.<br \/>\nDiferencias sobre \u00abGu\u00e1rdame las vacas\u201d. Fantas\u00eda de consonancias y redobles.<br \/>\n&#8211; Chilessotti: Seis piezas del Renacimiento italiano.<br \/>\n&#8211; Alonso de Mudarra: Diferencias sobre el Conde Claros.<br \/>\n&#8211; Luis de Mil\u00e1n: Pavanas.<\/p>\n<p>Barroco:<br \/>\n&#8211; Ludovico Koncalh: Cuatro piezas de Suite en sol Mayor.<br \/>\n&#8211; Gaspar Sans: Preludio en re menor.<br \/>\nBourr\u00e9s de la Suite en mi menor. Zarabanda y Double en si menor. Preludio de la Suite N\u00b01para Cello.<br \/>\n&#8211; G. F. Andel: Chacona (versi\u00f3n J.M.Z\u00e1rate)<br \/>\n&#8211; S. L. Weiss: Preludio y Minuetto (vers. Barboso- Lima) Chacona (vers. H. Ceballos)<\/p>\n<p>Cl\u00e1sico:<\/p>\n<p>&#8211; Fernando Sor: Preludios y Estudios 6 &#8211; 7- 19<br \/>\n&#8211; Napole\u00f3n Coste: Estudio en Sol mayor.<br \/>\n&#8211; Mauro Giuliani: sonatina en Sol Mayor sonata op.15<br \/>\nFernando Sor: Variaciones sobre \u00bbMalbrough s&#8217;en va-t-enguerre\u00bb Rom\u00e1ntico:<br \/>\n&#8211; Francisco T\u00e1rrega: \u00abAdelita\u00bb- mazurca<br \/>\nMazurca en la menor.<br \/>\nContempor\u00e1neos:<br \/>\n&#8211; H\u00e9ctor Villa- Lobos. Preludios N\u00b0 3 y N\u00b0 4<br \/>\n&#8211; Antonio Lauro: Estudio N\u00b01<br \/>\nValses venezolanos<br \/>\n&#8211; Leo Browner: Estudios del N\u00b0 10 al N\u00b0 20.<br \/>\nCanciones populares cubanas: \u00abOjos brujos\u00bb<br \/>\n\u00abCanci\u00f3n de Cuna\u00bb<br \/>\n&#8211; Alexander Tansman: Berceuse d&#8217; Orient<br \/>\n&#8211; R\u00eaverie de la Suite en modo Pol\u00f3nico.<br \/>\n&#8211; F. Moreno Torroba: Pre\u00e1mbulo<br \/>\nOliveras<br \/>\nSerenata Burlesca<\/p>\n<p>Argentinos:<br \/>\n&#8211; Carlos Guastavino: Bailecito<br \/>\n&#8211; Enrique N\u00fa\u00f1ez: Preludio<br \/>\nTango op.7<br \/>\n&#8211; Jorge Mart\u00ednez- Z\u00e1rate: Impromptu N\u00b01<br \/>\nDanza<br \/>\n&#8211; Mar\u00eda L. Anido: Preludio pampeano.<br \/>\n&#8211; Walter Heinza: Preludio.<\/p>\n<p>Choro<br \/>\nEstilo: campos de la Tarde<br \/>\n&#8211; H\u00e9ctor Ayala: serie latinoamericana.<br \/>\n&#8211; Abel Fleury: \u00abDe sobrepaso\u00bb (milonga)<br \/>\n\u00abMudanzas\u00bb<br \/>\n&#8211; Miguel Mart\u00ednez: \u00abDe mi guitarra a la Costa\u00bb<br \/>\n\u00abGuitarra islera\u00bb<br \/>\n&#8211; Quique Sinesi: \u00abTerru\u00f1o\u00bb<\/p>\n<\/div>\n<\/div>\n","protected":false},"excerpt":{"rendered":"<p>Programa de examen PROFESORADO DE M\u00daSICA CON ORIENTACI\u00d3N EN INSTRUMENTO GUITARRA Se rinde Guitarra y audioperceptiva GUITARRA Material sugerido de orden t\u00e9cnico: Abel Carlevaro. Cuaderno N\u00b01 Cuaderno N\u00b02 Cuaderno N\u00b03 Cuaderno N\u00b04 Jorge Mart\u00ednez Z\u00e1rate: Mi segundo Libro de Guitarra. Mario Rodr\u00edguez Arenas: Libro VI Libro VII Obras de Repertorio (sugeridas) Renacimiento: &#8211; John Dowland: &#8230; <a title=\"Programa de examen PROFESORADO DE M\u00daSICA\/ESPECIALIDAD con orientaci\u00f3n en GUITARRA\" class=\"read-more\" href=\"https:\/\/esm-nqn.infd.edu.ar\/sitio\/programa-de-examen-profesorado-de-musica-con-orientacion-en-instrumento-guitarra\/\" aria-label=\"More on Programa de examen PROFESORADO DE M\u00daSICA\/ESPECIALIDAD con orientaci\u00f3n en GUITARRA\">[+]<\/a><\/p>\n","protected":false},"author":176,"featured_media":0,"parent":0,"menu_order":0,"comment_status":"closed","ping_status":"closed","template":"","meta":[],"acf":[],"_links":{"self":[{"href":"https:\/\/esm-nqn.infd.edu.ar\/sitio\/wp-json\/wp\/v2\/pages\/855"}],"collection":[{"href":"https:\/\/esm-nqn.infd.edu.ar\/sitio\/wp-json\/wp\/v2\/pages"}],"about":[{"href":"https:\/\/esm-nqn.infd.edu.ar\/sitio\/wp-json\/wp\/v2\/types\/page"}],"author":[{"embeddable":true,"href":"https:\/\/esm-nqn.infd.edu.ar\/sitio\/wp-json\/wp\/v2\/users\/176"}],"replies":[{"embeddable":true,"href":"https:\/\/esm-nqn.infd.edu.ar\/sitio\/wp-json\/wp\/v2\/comments?post=855"}],"version-history":[{"count":2,"href":"https:\/\/esm-nqn.infd.edu.ar\/sitio\/wp-json\/wp\/v2\/pages\/855\/revisions"}],"predecessor-version":[{"id":1185,"href":"https:\/\/esm-nqn.infd.edu.ar\/sitio\/wp-json\/wp\/v2\/pages\/855\/revisions\/1185"}],"wp:attachment":[{"href":"https:\/\/esm-nqn.infd.edu.ar\/sitio\/wp-json\/wp\/v2\/media?parent=855"}],"curies":[{"name":"wp","href":"https:\/\/api.w.org\/{rel}","templated":true}]}}