{"id":857,"date":"2018-08-31T12:50:03","date_gmt":"2018-08-31T15:50:03","guid":{"rendered":"https:\/\/esm-nqn.infd.edu.ar\/sitio\/programa-de-examen-profesorado-de-musica-con-orientacion-en-instrumento-piano\/"},"modified":"2019-08-15T17:13:12","modified_gmt":"2019-08-15T20:13:12","slug":"programa-de-examen-profesorado-de-musica-con-orientacion-en-instrumento-piano","status":"publish","type":"page","link":"https:\/\/esm-nqn.infd.edu.ar\/sitio\/programa-de-examen-profesorado-de-musica-con-orientacion-en-instrumento-piano\/","title":{"rendered":"Programa de examen PROFESORADO DE M\u00daSICA\/ESPECIALIDAD con orientaci\u00f3n en PIANO"},"content":{"rendered":"<p><strong>PROGRAMA DE INGRESO A NIVEL TERCIARIO<\/strong><\/p>\n<p><strong>CARRERA DE PROFESORADO DE INSTRUMENTO PIANO<\/strong><\/p>\n<p><strong>\u00a0Se rinde Piano\u00a0y audioperceptiva<\/strong><\/p>\n<p>PROGRAMA DE EXAMEN<\/p>\n<ol>\n<li><strong>Un estudio<\/strong>: Czerny op 740, Moscheles op 70 o Clementi \u201cGradus ad parnasum\u201d<\/li>\n<li><strong>Una obra:<\/strong> Clavecinistas ingleses, francese, italianos o espa\u00f1oles<\/li>\n<li><strong>Una sonata complet<\/strong>: Haydn, Clementi o Mozart<\/li>\n<li><strong>Una obra del romanticismo<\/strong>, a elecci\u00f3n, entre: Mendelssohn (Romanzas sin palabras), Schubert (Momentos musicales), Chopin (Preludios, Mazurcas o Valses), Grieg (Piezas l\u00edricas op 47 u op 54, o suite Holberg) o Schumann (Escenas infantiles u Hojas de Album)<\/li>\n<li><strong>Una obra moderna<\/strong> de la dificultad de: Debussy (El rinc\u00f3n de los ni\u00f1os, Arabescos o Revery), Bartok (Petite Suite, Microcosmos III, IV o V, o Danzas Folkl\u00f3ricas Rumanas), Alb\u00e9niz (Cantos de Espa\u00f1a, o Suite Espa\u00f1a) o Granados (Danzas Espa\u00f1olas)<\/li>\n<li><strong>Una obra de autor argentino<\/strong> a elecci\u00f3n entre: Juli\u00e1n Aguirre (Aires Nacionales), Alberto Ginastera (Preludios Americanos), Angel Lasala (Serrana), Emilio Dublanc (Seis preludios rioplatenses), Pedro Saenz (Norte\u00f1a), Floro Ugarte (Preludios) o Alberto Williams (Miniaturas)<\/li>\n<li><strong>Himno Nacional Argentino<\/strong>, del cancionero de Lasala, seg\u00fan versi\u00f3n de Esnaola<\/li>\n<\/ol>\n<p>&nbsp;<\/p>\n<p>Observaciones:<\/p>\n<p>Cuando la dificultad de ejecuci\u00f3n en el rubro e) inherente al per\u00edodo rom\u00e1ntico a criterio de la Mesa examinadora, sea de \u00edndole menor, la misma podr\u00e1 requerir la ejecuci\u00f3n de una segunda obra<\/p>\n","protected":false},"excerpt":{"rendered":"<p>PROGRAMA DE INGRESO A NIVEL TERCIARIO CARRERA DE PROFESORADO DE INSTRUMENTO PIANO \u00a0Se rinde Piano\u00a0y audioperceptiva PROGRAMA DE EXAMEN Un estudio: Czerny op 740, Moscheles op 70 o Clementi \u201cGradus ad parnasum\u201d Una obra: Clavecinistas ingleses, francese, italianos o espa\u00f1oles Una sonata complet: Haydn, Clementi o Mozart Una obra del romanticismo, a elecci\u00f3n, entre: Mendelssohn &#8230; <a title=\"Programa de examen PROFESORADO DE M\u00daSICA\/ESPECIALIDAD con orientaci\u00f3n en PIANO\" class=\"read-more\" href=\"https:\/\/esm-nqn.infd.edu.ar\/sitio\/programa-de-examen-profesorado-de-musica-con-orientacion-en-instrumento-piano\/\" aria-label=\"More on Programa de examen PROFESORADO DE M\u00daSICA\/ESPECIALIDAD con orientaci\u00f3n en PIANO\">[+]<\/a><\/p>\n","protected":false},"author":176,"featured_media":0,"parent":0,"menu_order":0,"comment_status":"closed","ping_status":"closed","template":"","meta":[],"acf":[],"_links":{"self":[{"href":"https:\/\/esm-nqn.infd.edu.ar\/sitio\/wp-json\/wp\/v2\/pages\/857"}],"collection":[{"href":"https:\/\/esm-nqn.infd.edu.ar\/sitio\/wp-json\/wp\/v2\/pages"}],"about":[{"href":"https:\/\/esm-nqn.infd.edu.ar\/sitio\/wp-json\/wp\/v2\/types\/page"}],"author":[{"embeddable":true,"href":"https:\/\/esm-nqn.infd.edu.ar\/sitio\/wp-json\/wp\/v2\/users\/176"}],"replies":[{"embeddable":true,"href":"https:\/\/esm-nqn.infd.edu.ar\/sitio\/wp-json\/wp\/v2\/comments?post=857"}],"version-history":[{"count":2,"href":"https:\/\/esm-nqn.infd.edu.ar\/sitio\/wp-json\/wp\/v2\/pages\/857\/revisions"}],"predecessor-version":[{"id":1187,"href":"https:\/\/esm-nqn.infd.edu.ar\/sitio\/wp-json\/wp\/v2\/pages\/857\/revisions\/1187"}],"wp:attachment":[{"href":"https:\/\/esm-nqn.infd.edu.ar\/sitio\/wp-json\/wp\/v2\/media?parent=857"}],"curies":[{"name":"wp","href":"https:\/\/api.w.org\/{rel}","templated":true}]}}