{"id":869,"date":"2018-08-31T12:50:07","date_gmt":"2018-08-31T15:50:07","guid":{"rendered":"https:\/\/esm-nqn.infd.edu.ar\/sitio\/programa-de-examen-profesorado-de-musica-con-orientacion-en-instrumento-viola-o-especialidad-intrumentista-viola\/"},"modified":"2019-08-15T17:14:08","modified_gmt":"2019-08-15T20:14:08","slug":"programa-de-examen-profesorado-de-musica-con-orientacion-en-instrumento-viola-o-especialidad-intrumentista-viola","status":"publish","type":"page","link":"https:\/\/esm-nqn.infd.edu.ar\/sitio\/programa-de-examen-profesorado-de-musica-con-orientacion-en-instrumento-viola-o-especialidad-intrumentista-viola\/","title":{"rendered":"Programa de examen PROFESORADO DE M\u00daSICA\/ESPECIALIDAD con orientaci\u00f3n en VIOLA"},"content":{"rendered":"<p><strong>VIOLA<\/strong><\/p>\n<p><strong>Se rinde\u00a0Viola\u00a0y audioperceptiva<\/strong><\/p>\n<p>El programa de examen\u00a0 para ingresar al nivel terciario de Viola contendr\u00e1 las<\/p>\n<p>siguientes exigencias m\u00ednimas:<\/p>\n<p>&nbsp;<\/p>\n<p>Programa de examen PROFESORADO DE M\u00daSICA CON ORIENTACI\u00d3N EN INSTRUMENTO VIOLA\u00a0o ESPECIALIDAD INTRUMENTISTA\u00a0VIOLA<\/p>\n<p>&#8211; Una escala\u00a0 de tres 8&#8243; con digitaci\u00f3n de Flesch, mayor, menor y arpegios.<\/p>\n<p>&#8211; Una escala de una 8&#8243; en una cuerda, en ambos modos, con arpegios, terceras<\/p>\n<p>mel\u00f3dicas y escala crom\u00e1tica.<\/p>\n<p>&#8211; <em>\u0160ev\u010d\u00edk: <\/em>op.8<\/p>\n<p>&#8211; <em>\u0160ev\u010d\u00edk:<\/em> op.9, estudios en 3&#8243;, 6&#8243; y 8&#8243; (uno de cada una).<\/p>\n<p>&#8211; Volmer: \u00abBratschenschule\u00bb volumen II, dos cambios de\u00a0 posici\u00f3n.<\/p>\n<p>&#8211; Hoffman: \u00abPrimeros Estudios\u00bb op.86, dos de las m\u00e1s dificultosas.<\/p>\n<p>&#8211; B.Bruni:\u00bb25 Estudios\u00bb, dos de ellos.<\/p>\n<p>&#8211; Obras, una sonata o concierto barroco (Telemann, H\u00e4ndel, etc.)<\/p>\n<p>&#8211; Una obro de otro estilo, con piano u otro instrumento.<\/p>\n<p>&nbsp;<\/p>\n","protected":false},"excerpt":{"rendered":"<p>VIOLA Se rinde\u00a0Viola\u00a0y audioperceptiva El programa de examen\u00a0 para ingresar al nivel terciario de Viola contendr\u00e1 las siguientes exigencias m\u00ednimas: &nbsp; Programa de examen PROFESORADO DE M\u00daSICA CON ORIENTACI\u00d3N EN INSTRUMENTO VIOLA\u00a0o ESPECIALIDAD INTRUMENTISTA\u00a0VIOLA &#8211; Una escala\u00a0 de tres 8&#8243; con digitaci\u00f3n de Flesch, mayor, menor y arpegios. &#8211; Una escala de una 8&#8243; en &#8230; <a title=\"Programa de examen PROFESORADO DE M\u00daSICA\/ESPECIALIDAD con orientaci\u00f3n en VIOLA\" class=\"read-more\" href=\"https:\/\/esm-nqn.infd.edu.ar\/sitio\/programa-de-examen-profesorado-de-musica-con-orientacion-en-instrumento-viola-o-especialidad-intrumentista-viola\/\" aria-label=\"More on Programa de examen PROFESORADO DE M\u00daSICA\/ESPECIALIDAD con orientaci\u00f3n en VIOLA\">[+]<\/a><\/p>\n","protected":false},"author":176,"featured_media":0,"parent":0,"menu_order":0,"comment_status":"closed","ping_status":"closed","template":"","meta":[],"acf":[],"_links":{"self":[{"href":"https:\/\/esm-nqn.infd.edu.ar\/sitio\/wp-json\/wp\/v2\/pages\/869"}],"collection":[{"href":"https:\/\/esm-nqn.infd.edu.ar\/sitio\/wp-json\/wp\/v2\/pages"}],"about":[{"href":"https:\/\/esm-nqn.infd.edu.ar\/sitio\/wp-json\/wp\/v2\/types\/page"}],"author":[{"embeddable":true,"href":"https:\/\/esm-nqn.infd.edu.ar\/sitio\/wp-json\/wp\/v2\/users\/176"}],"replies":[{"embeddable":true,"href":"https:\/\/esm-nqn.infd.edu.ar\/sitio\/wp-json\/wp\/v2\/comments?post=869"}],"version-history":[{"count":1,"href":"https:\/\/esm-nqn.infd.edu.ar\/sitio\/wp-json\/wp\/v2\/pages\/869\/revisions"}],"predecessor-version":[{"id":1188,"href":"https:\/\/esm-nqn.infd.edu.ar\/sitio\/wp-json\/wp\/v2\/pages\/869\/revisions\/1188"}],"wp:attachment":[{"href":"https:\/\/esm-nqn.infd.edu.ar\/sitio\/wp-json\/wp\/v2\/media?parent=869"}],"curies":[{"name":"wp","href":"https:\/\/api.w.org\/{rel}","templated":true}]}}